{"id":394,"date":"2022-04-27T23:45:27","date_gmt":"2022-04-28T04:45:27","guid":{"rendered":"https:\/\/am-ag.com\/es\/?page_id=394"},"modified":"2022-10-11T07:35:50","modified_gmt":"2022-10-11T12:35:50","slug":"greenhouse","status":"publish","type":"page","link":"https:\/\/am-ag.com\/es\/solutions\/greenhouse\/","title":{"rendered":"Producci\u00f3n En Invernaderos Comerciales"},"content":{"rendered":"<p>[et_pb_section fb_built=&#8221;1&#8243; fullwidth=&#8221;on&#8221; admin_label=&#8221;Title Section&#8221; module_class=&#8221;main-title-section&#8221; _builder_version=&#8221;4.17.1&#8243; _module_preset=&#8221;default&#8221; global_colors_info=&#8221;{}&#8221;][et_pb_fullwidth_image src=&#8221;https:\/\/am-ag.com\/es\/wp-content\/uploads\/2022\/04\/organic-fertilizer-for-greenhouses.jpg&#8221; title_text=&#8221;organic-fertilizer-for-greenhouses&#8221; admin_label=&#8221;Title Image&#8221; module_class=&#8221;main-title-image-module&#8221; _builder_version=&#8221;4.17.1&#8243; _module_preset=&#8221;default&#8221; global_colors_info=&#8221;{}&#8221;][\/et_pb_fullwidth_image][et_pb_fullwidth_code admin_label=&#8221;Main Title Code&#8221; module_class=&#8221;main-title-module&#8221; _builder_version=&#8221;4.17.4&#8243; _module_preset=&#8221;default&#8221; global_colors_info=&#8221;{}&#8221;]<\/p>\n<h1 class=\"main-title\">Producci\u00f3n en Invernaderos Comerciales<\/h1>\n<p>[\/et_pb_fullwidth_code][\/et_pb_section][et_pb_section fb_built=&#8221;1&#8243; module_class=&#8221;inside-welcome-section&#8221; _builder_version=&#8221;4.17.1&#8243; _module_preset=&#8221;default&#8221; global_colors_info=&#8221;{}&#8221;][et_pb_row column_structure=&#8221;3_5,2_5&#8243; module_class=&#8221;inside-welcome-row&#8221; _builder_version=&#8221;4.17.1&#8243; _module_preset=&#8221;default&#8221; global_colors_info=&#8221;{}&#8221;][et_pb_column type=&#8221;3_5&#8243; _builder_version=&#8221;4.17.1&#8243; _module_preset=&#8221;default&#8221; global_colors_info=&#8221;{}&#8221;][et_pb_code admin_label=&#8221;Welcome Title Code&#8221; module_class=&#8221;inside-welcome-title&#8221; _builder_version=&#8221;4.17.4&#8243; _module_preset=&#8221;default&#8221; global_colors_info=&#8221;{}&#8221;]<\/p>\n<h2>Complemente Su Programa de Fertilizantes Actual<\/h2>\n<p>[\/et_pb_code][et_pb_divider module_class=&#8221;inside-welcome-divider&#8221; _builder_version=&#8221;4.17.1&#8243; _module_preset=&#8221;default&#8221; global_colors_info=&#8221;{}&#8221;][\/et_pb_divider][et_pb_code admin_label=&#8221;Welcome Text Code&#8221; module_class=&#8221;inside-welcome-text&#8221; _builder_version=&#8221;4.17.4&#8243; _module_preset=&#8221;default&#8221; global_colors_info=&#8221;{}&#8221;]<pee>La producci\u00f3n agr\u00edcola en invernaderos tradicionalmente incorporaba fertilizantes qu\u00edmicos para lograr sus metas. Sin embargo, en a\u00f1os recientes, avances en el desarrollo de fertilizantes y suplementos org\u00e1nicos, tales como nuestros biofertilizantes granulares y bioestimulantes l\u00edquidos 100% org\u00e1nicos, han permitido que los productores obtengan un mayor rendimiento en sus cosechas y al mismo tiempo mejorando la salud del suelo.<\/pee>[\/et_pb_code][\/et_pb_column][et_pb_column type=&#8221;2_5&#8243; _builder_version=&#8221;4.17.1&#8243; _module_preset=&#8221;default&#8221; global_colors_info=&#8221;{}&#8221;][et_pb_code disabled_on=&#8221;on|on|on&#8221; admin_label=&#8221;Side Block Code&#8221; module_class=&#8221;aside-code&#8221; _builder_version=&#8221;4.17.4&#8243; _module_preset=&#8221;default&#8221; disabled=&#8221;on&#8221; global_colors_info=&#8221;{}&#8221;]<\/p>\n<h5 class=\"aside-title\">Quick Links<\/h5>\n<p><!-- [et_pb_line_break_holder] --><\/p>\n<div class=\"aside-divider\"><\/div>\n<p><!-- [et_pb_line_break_holder] --><\/p>\n<ul class=\"ul-side-list\"><!-- [et_pb_line_break_holder] -->\t<a class=\"side-list-link\" href=\"https:\/\/sigma-agri.com\/\"><!-- [et_pb_line_break_holder] -->\t\t<\/p>\n<div class=\"side-list-logo-icon-wrap\"><!-- [et_pb_line_break_holder] -->\t\t\t<svg class=\"side-list-logo-icon\" viewBox=\"0 0 24 24\"><path d=\"M16.84 4l4.856 8.5L16.84 21H7.16l-4.856-8.5L7.16 4h9.68zM18 2H6L0 12.5 6 23h12l6-10.5L18 2z\"><\/path><\/svg><!-- [et_pb_line_break_holder] -->\t\t<\/div>\n<div class=\"side-list-logo-wrap\"><!-- [et_pb_line_break_holder] -->\t\t\t<img decoding=\"async\" src=\"https:\/\/am-ag.com\/es\/wp-content\/uploads\/2022\/04\/sigma-logo.png\" class=\"side-list-logo\" \/><!-- [et_pb_line_break_holder] -->\t\t<\/div>\n<p><!-- [et_pb_line_break_holder] -->\t<\/a><!-- [et_pb_line_break_holder] -->\t<\/p>\n<li class=\"side-list\"><!-- [et_pb_line_break_holder] -->\t\t<a href=\"https:\/\/am-ag.com\/es\/products\/\"><!-- [et_pb_line_break_holder] -->\n<div class=\"side-list-icon-wrap\"><!-- [et_pb_line_break_holder] -->\t\t\t\t<svg class=\"side-list-icon\" viewBox=\"0 0 24 24\"><path d=\"M23 5v13.88L22 19V3c-3.9.12-7.5.76-10 2.32C9.5 3.76 5.9 3.12 2 3v16l-1-.12V5H0v15h9.06c1.48 0 1.64 1 2.94 1s1.46-1 2.94-1H24V5h-1zM11 18.64c-1.95-.77-4.14-1.26-7-1.48V5.1c2.35.2 5 .7 7 1.93v11.62zm9-1.48c-2.86.22-5.05.7-7 1.5V7.02c2-1.24 4.65-1.72 7-1.92v12.06z\"><\/path><\/svg><!-- [et_pb_line_break_holder] -->\t\t\t<\/div>\n<p>View Products<!-- [et_pb_line_break_holder] -->\t\t<\/a><!-- [et_pb_line_break_holder] -->\t<\/li>\n<p><!-- [et_pb_line_break_holder] -->\t<\/p>\n<li class=\"side-list\"><!-- [et_pb_line_break_holder] -->\t\t<a href=\"https:\/\/am-ag.com\/es\/solutions\/\"><!-- [et_pb_line_break_holder] -->\n<div class=\"side-list-icon-wrap\"><!-- [et_pb_line_break_holder] -->\t\t\t\t<svg class=\"side-list-icon\" viewBox=\"0 0 24 24\"><path d=\"M16.73 21c-.75-1.76-2.48-2.68-4.26-2.9-.95-2.03-1.14-5.45.52-8.8.45.2.96.33 1.5.33 3 0 6.78-3.4 7.5-9.63-10.5 0-11.86 5.1-10.63 7.7.52-.68 1.05-1.3 1.65-1.84-.02-2.5 3.96-3.5 6.53-3.75-1.16 4-3.93 5.96-5.55 5.44.77-1.15 1.68-2.12 2.3-2.8-3.2 1.54-5.36 5.07-6.05 8.73-.37-.22-.84-.47-1.37-.7.8-1.87-2.35-3.84-5.84-2.1 1.08 2.92 4.26 4.13 5.54 2.6.6.43 1.13.9 1.5 1.3-.14 1.5-.02 2.76.2 3.64-1.16.27-2.16.84-2.7 1.7C4.85 18.77 2 20.94 2 24h18c0-2.13-1.7-3.1-3.27-3zM4.47 11.2c2.25-.65 3.8.5 3.47 1.22-.53-.25-1.1-.42-1.88-.5.66.25 1.36.58 1.67.8-.8.68-2.67-.3-3.26-1.53z\"><\/path><\/svg><!-- [et_pb_line_break_holder] -->\t\t\t<\/div>\n<p>Agriculture Solutions<!-- [et_pb_line_break_holder] -->\t\t<\/a><!-- [et_pb_line_break_holder] -->\t<\/li>\n<p><!-- [et_pb_line_break_holder] -->\t<\/p>\n<li class=\"side-list\"><!-- [et_pb_line_break_holder] -->\t\t<a href=\"https:\/\/am-ag.com\/es\/services\/\"><!-- [et_pb_line_break_holder] -->\n<div class=\"side-list-icon-wrap\"><!-- [et_pb_line_break_holder] -->\t\t\t\t<svg class=\"side-list-icon\" viewBox=\"0 0 24 24\"><path d=\"M21 13v10h-6v-6H9v6H3V13H0L12 1l12 12h-3zm-1-5.9V2h-3v2.1l3 3z\"><\/path><\/svg><!-- [et_pb_line_break_holder] -->\t\t\t<\/div>\n<p>Services<!-- [et_pb_line_break_holder] -->\t\t<\/a><!-- [et_pb_line_break_holder] -->\t<\/li>\n<p><!-- [et_pb_line_break_holder] -->\t<\/p>\n<li class=\"side-list\"><!-- [et_pb_line_break_holder] -->\t\t<a href=\"https:\/\/am-ag.com\/es\/contact\/\"><!-- [et_pb_line_break_holder] -->\n<div class=\"side-list-icon-wrap\"><!-- [et_pb_line_break_holder] -->\t\t\t\t<svg class=\"side-list-icon\" viewBox=\"0 0 24 24\"><path d=\"M20 22.62l-3.52-6.794c-.01.004-1.975.97-2.065 1.01-2.24 1.087-6.8-7.82-4.61-8.993l2.084-1.026L8.395 0 6.29 1.04c-7.202 3.754 4.233 25.98 11.6 22.614.12-.055 2.102-1.03 2.11-1.033z\"><\/path><\/svg><!-- [et_pb_line_break_holder] -->\t\t\t<\/div>\n<p>Contact Us<!-- [et_pb_line_break_holder] -->\t\t<\/a><!-- [et_pb_line_break_holder] -->\t<\/li>\n<p><!-- [et_pb_line_break_holder] --><\/ul>\n<p>[\/et_pb_code][et_pb_code admin_label=&#8221;Side Block Code&#8221; module_class=&#8221;aside-code&#8221; _builder_version=&#8221;4.17.4&#8243; _module_preset=&#8221;default&#8221; global_colors_info=&#8221;{}&#8221;]<\/p>\n<h5 class=\"aside-title\">Enlaces R\u00e1pidos<\/h5>\n<p><!-- [et_pb_line_break_holder] --><\/p>\n<div class=\"aside-divider\"><\/div>\n<p><!-- [et_pb_line_break_holder] --><\/p>\n<ul class=\"ul-side-list\"><!-- [et_pb_line_break_holder] -->\t<a class=\"side-list-link\" href=\"https:\/\/sigma-agri.com\/\"><!-- [et_pb_line_break_holder] -->\t\t<\/p>\n<div class=\"side-list-logo-icon-wrap\"><!-- [et_pb_line_break_holder] -->\t\t\t<svg class=\"side-list-logo-icon\" viewBox=\"0 0 24 24\"><path d=\"M16.84 4l4.856 8.5L16.84 21H7.16l-4.856-8.5L7.16 4h9.68zM18 2H6L0 12.5 6 23h12l6-10.5L18 2z\"><\/path><\/svg><!-- [et_pb_line_break_holder] -->\t\t<\/div>\n<div class=\"side-list-logo-wrap\"><!-- [et_pb_line_break_holder] -->\t\t\t<img decoding=\"async\" src=\"https:\/\/am-ag.com\/es\/wp-content\/uploads\/2022\/04\/sigma-logo.png\" class=\"side-list-logo\" \/><!-- [et_pb_line_break_holder] -->\t\t<\/div>\n<p><!-- [et_pb_line_break_holder] -->\t<\/a><!-- [et_pb_line_break_holder] -->\t<\/p>\n<li class=\"side-list\"><!-- [et_pb_line_break_holder] -->\t\t<a href=\"https:\/\/am-ag.com\/es\/products\/\"><!-- [et_pb_line_break_holder] -->\n<div class=\"side-list-icon-wrap\"><!-- [et_pb_line_break_holder] -->\t\t\t\t<svg class=\"side-list-icon\" viewBox=\"0 0 24 24\"><path d=\"M23 5v13.88L22 19V3c-3.9.12-7.5.76-10 2.32C9.5 3.76 5.9 3.12 2 3v16l-1-.12V5H0v15h9.06c1.48 0 1.64 1 2.94 1s1.46-1 2.94-1H24V5h-1zM11 18.64c-1.95-.77-4.14-1.26-7-1.48V5.1c2.35.2 5 .7 7 1.93v11.62zm9-1.48c-2.86.22-5.05.7-7 1.5V7.02c2-1.24 4.65-1.72 7-1.92v12.06z\"><\/path><\/svg><!-- [et_pb_line_break_holder] -->\t\t\t<\/div>\n<p>Ver productos<!-- [et_pb_line_break_holder] -->\t\t<\/a><!-- [et_pb_line_break_holder] -->\t<\/li>\n<p><!-- [et_pb_line_break_holder] -->\t<\/p>\n<li class=\"side-list\"><!-- [et_pb_line_break_holder] -->\t\t<a href=\"https:\/\/am-ag.com\/es\/solutions\/\"><!-- [et_pb_line_break_holder] -->\n<div class=\"side-list-icon-wrap\"><!-- [et_pb_line_break_holder] -->\t\t\t\t<svg class=\"side-list-icon\" viewBox=\"0 0 24 24\"><path d=\"M16.73 21c-.75-1.76-2.48-2.68-4.26-2.9-.95-2.03-1.14-5.45.52-8.8.45.2.96.33 1.5.33 3 0 6.78-3.4 7.5-9.63-10.5 0-11.86 5.1-10.63 7.7.52-.68 1.05-1.3 1.65-1.84-.02-2.5 3.96-3.5 6.53-3.75-1.16 4-3.93 5.96-5.55 5.44.77-1.15 1.68-2.12 2.3-2.8-3.2 1.54-5.36 5.07-6.05 8.73-.37-.22-.84-.47-1.37-.7.8-1.87-2.35-3.84-5.84-2.1 1.08 2.92 4.26 4.13 5.54 2.6.6.43 1.13.9 1.5 1.3-.14 1.5-.02 2.76.2 3.64-1.16.27-2.16.84-2.7 1.7C4.85 18.77 2 20.94 2 24h18c0-2.13-1.7-3.1-3.27-3zM4.47 11.2c2.25-.65 3.8.5 3.47 1.22-.53-.25-1.1-.42-1.88-.5.66.25 1.36.58 1.67.8-.8.68-2.67-.3-3.26-1.53z\"><\/path><\/svg><!-- [et_pb_line_break_holder] -->\t\t\t<\/div>\n<p>Soluci\u00f3nes agr\u00edcolas<!-- [et_pb_line_break_holder] -->\t\t<\/a><!-- [et_pb_line_break_holder] -->\t<\/li>\n<p><!-- [et_pb_line_break_holder] -->\t<\/p>\n<li class=\"side-list\"><!-- [et_pb_line_break_holder] -->\t\t<a href=\"https:\/\/am-ag.com\/es\/services\/\"><!-- [et_pb_line_break_holder] -->\n<div class=\"side-list-icon-wrap\"><!-- [et_pb_line_break_holder] -->\t\t\t\t<svg class=\"side-list-icon\" viewBox=\"0 0 24 24\"><path d=\"M21 13v10h-6v-6H9v6H3V13H0L12 1l12 12h-3zm-1-5.9V2h-3v2.1l3 3z\"><\/path><\/svg><!-- [et_pb_line_break_holder] -->\t\t\t<\/div>\n<p>Servicios<!-- [et_pb_line_break_holder] -->\t\t<\/a><!-- [et_pb_line_break_holder] -->\t<\/li>\n<p><!-- [et_pb_line_break_holder] -->\t<\/p>\n<li class=\"side-list\"><!-- [et_pb_line_break_holder] -->\t\t<a href=\"https:\/\/am-ag.com\/es\/contact\/\"><!-- [et_pb_line_break_holder] -->\n<div class=\"side-list-icon-wrap\"><!-- [et_pb_line_break_holder] -->\t\t\t\t<svg class=\"side-list-icon\" viewBox=\"0 0 24 24\"><path d=\"M20 22.62l-3.52-6.794c-.01.004-1.975.97-2.065 1.01-2.24 1.087-6.8-7.82-4.61-8.993l2.084-1.026L8.395 0 6.29 1.04c-7.202 3.754 4.233 25.98 11.6 22.614.12-.055 2.102-1.03 2.11-1.033z\"><\/path><\/svg><!-- [et_pb_line_break_holder] -->\t\t\t<\/div>\n<p>Contacta con nosotras<!-- [et_pb_line_break_holder] -->\t\t<\/a><!-- [et_pb_line_break_holder] -->\t<\/li>\n<p><!-- [et_pb_line_break_holder] --><\/ul>\n<p>[\/et_pb_code][\/et_pb_column][\/et_pb_row][\/et_pb_section][et_pb_section fb_built=&#8221;1&#8243; admin_label=&#8221;Content Section&#8221; module_class=&#8221;content-section&#8221; _builder_version=&#8221;4.17.1&#8243; _module_preset=&#8221;default&#8221; global_colors_info=&#8221;{}&#8221;][et_pb_row column_structure=&#8221;2_5,3_5&#8243; admin_label=&#8221;Content Row&#8221; module_class=&#8221;content-row&#8221; _builder_version=&#8221;4.17.1&#8243; _module_preset=&#8221;default&#8221; global_colors_info=&#8221;{}&#8221;][et_pb_column type=&#8221;2_5&#8243; _builder_version=&#8221;4.17.1&#8243; _module_preset=&#8221;default&#8221; global_colors_info=&#8221;{}&#8221;][et_pb_image src=&#8221;https:\/\/am-ag.com\/es\/wp-content\/uploads\/2022\/04\/greenhouse-products.jpg&#8221; title_text=&#8221;greenhouse-products&#8221; admin_label=&#8221;Content Image&#8221; module_class=&#8221;content-image&#8221; _builder_version=&#8221;4.17.1&#8243; _module_preset=&#8221;default&#8221; global_colors_info=&#8221;{}&#8221;][\/et_pb_image][\/et_pb_column][et_pb_column type=&#8221;3_5&#8243; _builder_version=&#8221;4.17.1&#8243; _module_preset=&#8221;default&#8221; global_colors_info=&#8221;{}&#8221;][et_pb_code admin_label=&#8221;Content Title Code&#8221; module_class=&#8221;content-title-module&#8221; _builder_version=&#8221;4.17.4&#8243; _module_preset=&#8221;default&#8221; global_colors_info=&#8221;{}&#8221;]<\/p>\n<h2>Promover M\u00e1s Nutrientes al Suelo<\/h2>\n<p>[\/et_pb_code][et_pb_divider admin_label=&#8221;Content Divider&#8221; module_class=&#8221;content-divider&#8221; _builder_version=&#8221;4.17.1&#8243; _module_preset=&#8221;default&#8221; global_colors_info=&#8221;{}&#8221;][\/et_pb_divider][et_pb_code admin_label=&#8221;Content Text Code&#8221; module_class=&#8221;content-text-module&#8221; _builder_version=&#8221;4.17.4&#8243; _module_preset=&#8221;default&#8221; global_colors_info=&#8221;{}&#8221;]<pee>Nuestras innovadoras formulaciones cient\u00edficas probadas pueden ayudar a incrementar la producci\u00f3n de los cultivos y mejorar su calidad. Los productos que ofrecemos son desarrollados para proveer un balance perfecto de NPK, calcio, azufre, magnesio, hierro y minerales y otros micronutrientes requeridos para mantener un suelo saludable y f\u00e9rtil. Aparte de permitir que las ra\u00edces ganen un mejor acceso a los nutrientes que necesitan; nuestro fertilizante org\u00e1nico, bioestimulantes l\u00edquidos, y otros productos de car\u00e1cter especializado, ayudan a mejorar el entorno ecol\u00f3gico del suelo. Esto significa que la condici\u00f3n de la estructura del suelo se mejora, la oxigenaci\u00f3n y humidificaci\u00f3n se facilita y la relaci\u00f3n planta-suelo-aire se establece de forma eficaz, logrando el balance correcto.<\/pee>[\/et_pb_code][\/et_pb_column][\/et_pb_row][\/et_pb_section][et_pb_section fb_built=&#8221;1&#8243; admin_label=&#8221;Services Button Section&#8221; module_class=&#8221;services-button-section&#8221; _builder_version=&#8221;4.17.1&#8243; _module_preset=&#8221;default&#8221; global_colors_info=&#8221;{}&#8221;][et_pb_row admin_label=&#8221;Services Button Row&#8221; module_class=&#8221;services-button-row&#8221; _builder_version=&#8221;4.17.1&#8243; _module_preset=&#8221;default&#8221; global_colors_info=&#8221;{}&#8221;][et_pb_column type=&#8221;4_4&#8243; _builder_version=&#8221;4.17.1&#8243; _module_preset=&#8221;default&#8221; global_colors_info=&#8221;{}&#8221;][et_pb_blurb title=&#8221;Agricultura Convencional&#8221; url=&#8221;https:\/\/am-ag.com\/es\/solutions\/conventional-farming\/&#8221; image=&#8221;https:\/\/am-ag.com\/es\/wp-content\/uploads\/2022\/04\/conventional-products.jpg&#8221; admin_label=&#8221;Conventional Blurb&#8221; module_class=&#8221;services-button&#8221; _builder_version=&#8221;4.17.4&#8243; _module_preset=&#8221;default&#8221; animation=&#8221;off&#8221; global_colors_info=&#8221;{}&#8221;][\/et_pb_blurb][et_pb_blurb title=&#8221;Agricultura Org\u00e1nica&#8221; url=&#8221;https:\/\/am-ag.com\/es\/solutions\/organic-farming\/&#8221; image=&#8221;https:\/\/am-ag.com\/es\/wp-content\/uploads\/2022\/04\/organic-farming-products.jpg&#8221; admin_label=&#8221;Organic Blurb&#8221; module_class=&#8221;services-button&#8221; _builder_version=&#8221;4.17.4&#8243; _module_preset=&#8221;default&#8221; animation=&#8221;off&#8221; global_colors_info=&#8221;{}&#8221;][\/et_pb_blurb][et_pb_blurb title=&#8221;Huertos&#8221; url=&#8221;https:\/\/am-ag.com\/es\/solutions\/orchards\/&#8221; image=&#8221;https:\/\/am-ag.com\/es\/wp-content\/uploads\/2022\/04\/orchard-products.jpg&#8221; admin_label=&#8221;Orchards Blurb&#8221; module_class=&#8221;services-button&#8221; _builder_version=&#8221;4.17.4&#8243; _module_preset=&#8221;default&#8221; animation=&#8221;off&#8221; global_colors_info=&#8221;{}&#8221;][\/et_pb_blurb][et_pb_blurb title=&#8221;Cultivos de Especialidad&#8221; url=&#8221;https:\/\/am-ag.com\/es\/solutions\/specialty-crops\/&#8221; image=&#8221;https:\/\/am-ag.com\/es\/wp-content\/uploads\/2022\/04\/specialty-farming-side.jpg&#8221; disabled_on=&#8221;off|off|off&#8221; admin_label=&#8221;Specialty Blurb&#8221; module_class=&#8221;services-button&#8221; _builder_version=&#8221;4.17.4&#8243; _module_preset=&#8221;default&#8221; animation=&#8221;off&#8221; global_colors_info=&#8221;{}&#8221;][\/et_pb_blurb][et_pb_blurb title=&#8221;Seguridad alimentaria y saneamiento&#8221; url=&#8221;https:\/\/am-ag.com\/es\/solutions\/food-safety-sanitation\/&#8221; image=&#8221;https:\/\/am-ag.com\/es\/wp-content\/uploads\/2022\/04\/cauliflower.jpg&#8221; disabled_on=&#8221;off|off|off&#8221; admin_label=&#8221;Food Safety &#038; Sanitation Blurb&#8221; module_class=&#8221;services-button&#8221; _builder_version=&#8221;4.17.4&#8243; _module_preset=&#8221;default&#8221; animation=&#8221;off&#8221; global_colors_info=&#8221;{}&#8221;][\/et_pb_blurb][\/et_pb_column][\/et_pb_row][\/et_pb_section][et_pb_section fb_built=&#8221;1&#8243; admin_label=&#8221;CTA Section&#8221; module_class=&#8221;cta-section&#8221; _builder_version=&#8221;4.17.1&#8243; _module_preset=&#8221;default&#8221; global_colors_info=&#8221;{}&#8221;][et_pb_row admin_label=&#8221;CTA Row&#8221; module_class=&#8221;cta-row&#8221; _builder_version=&#8221;4.17.1&#8243; _module_preset=&#8221;default&#8221; global_colors_info=&#8221;{}&#8221;][et_pb_column type=&#8221;4_4&#8243; _builder_version=&#8221;4.17.1&#8243; _module_preset=&#8221;default&#8221; global_colors_info=&#8221;{}&#8221;][et_pb_code admin_label=&#8221;CTA&#8221; module_class=&#8221;cta-module et_pb_bg_layout_dark&#8221; _builder_version=&#8221;4.17.4&#8243; _module_preset=&#8221;default&#8221; global_colors_info=&#8221;{}&#8221;]<span class=\"cta-title\">\u00bfInteresado en Nuestros Productos?<\/span><!-- [et_pb_line_break_holder] --><!-- [et_pb_line_break_holder] --><a class=\"rmore\" href=\"https:\/\/am-ag.com\/es\/products\/\">Ver productos<\/a>[\/et_pb_code][\/et_pb_column][\/et_pb_row][\/et_pb_section][et_pb_section fb_built=&#8221;1&#8243; disabled_on=&#8221;on|on|on&#8221; admin_label=&#8221;CTA Section&#8221; module_class=&#8221;cta-section&#8221; _builder_version=&#8221;4.17.4&#8243; _module_preset=&#8221;default&#8221; disabled=&#8221;on&#8221; global_colors_info=&#8221;{}&#8221;][et_pb_row admin_label=&#8221;CTA Row&#8221; module_class=&#8221;cta-row&#8221; _builder_version=&#8221;4.17.1&#8243; _module_preset=&#8221;default&#8221; global_colors_info=&#8221;{}&#8221;][et_pb_column type=&#8221;4_4&#8243; _builder_version=&#8221;4.17.1&#8243; _module_preset=&#8221;default&#8221; global_colors_info=&#8221;{}&#8221;][et_pb_code admin_label=&#8221;CTA&#8221; module_class=&#8221;cta-module et_pb_bg_layout_dark&#8221; _builder_version=&#8221;4.17.1&#8243; _module_preset=&#8221;default&#8221; global_colors_info=&#8221;{}&#8221;]<span class=\"cta-title\">Interested in our products?<\/span><!-- [et_pb_line_break_holder] --><!-- [et_pb_line_break_holder] --><a class=\"rmore\" href=\"https:\/\/am-ag.com\/es\/products\/\">View Products<\/a>[\/et_pb_code][\/et_pb_column][\/et_pb_row][\/et_pb_section]<\/p>\n","protected":false},"excerpt":{"rendered":"","protected":false},"author":2,"featured_media":0,"parent":27,"menu_order":0,"comment_status":"closed","ping_status":"closed","template":"","meta":{"_et_pb_use_builder":"on","_et_pb_old_content":"","_et_gb_content_width":"","inline_featured_image":false,"_monsterinsights_skip_tracking":false,"_monsterinsights_sitenote_active":false,"_monsterinsights_sitenote_note":"","_monsterinsights_sitenote_category":0,"footnotes":""},"class_list":["post-394","page","type-page","status-publish","hentry"],"aioseo_notices":[],"_links":{"self":[{"href":"https:\/\/am-ag.com\/es\/wp-json\/wp\/v2\/pages\/394","targetHints":{"allow":["GET"]}}],"collection":[{"href":"https:\/\/am-ag.com\/es\/wp-json\/wp\/v2\/pages"}],"about":[{"href":"https:\/\/am-ag.com\/es\/wp-json\/wp\/v2\/types\/page"}],"author":[{"embeddable":true,"href":"https:\/\/am-ag.com\/es\/wp-json\/wp\/v2\/users\/2"}],"replies":[{"embeddable":true,"href":"https:\/\/am-ag.com\/es\/wp-json\/wp\/v2\/comments?post=394"}],"version-history":[{"count":15,"href":"https:\/\/am-ag.com\/es\/wp-json\/wp\/v2\/pages\/394\/revisions"}],"predecessor-version":[{"id":3660,"href":"https:\/\/am-ag.com\/es\/wp-json\/wp\/v2\/pages\/394\/revisions\/3660"}],"up":[{"embeddable":true,"href":"https:\/\/am-ag.com\/es\/wp-json\/wp\/v2\/pages\/27"}],"wp:attachment":[{"href":"https:\/\/am-ag.com\/es\/wp-json\/wp\/v2\/media?parent=394"}],"curies":[{"name":"wp","href":"https:\/\/api.w.org\/{rel}","templated":true}]}}