{"id":31,"date":"2022-04-18T02:05:14","date_gmt":"2022-04-18T07:05:14","guid":{"rendered":"https:\/\/am-ag.com\/es\/?page_id=31"},"modified":"2022-11-03T12:56:14","modified_gmt":"2022-11-03T17:56:14","slug":"about-us","status":"publish","type":"page","link":"https:\/\/am-ag.com\/es\/about-us\/","title":{"rendered":"Acerca de Nosotros"},"content":{"rendered":"<p>[et_pb_section fb_built=&#8221;1&#8243; fullwidth=&#8221;on&#8221; admin_label=&#8221;Title Section&#8221; module_class=&#8221;main-title-section&#8221; _builder_version=&#8221;4.17.4&#8243; _module_preset=&#8221;default&#8221; global_colors_info=&#8221;{}&#8221;][et_pb_fullwidth_image src=&#8221;https:\/\/am-ag.com\/es\/wp-content\/uploads\/2022\/04\/banner-about-us.jpg&#8221; title_text=&#8221;banner-about-us&#8221; admin_label=&#8221;Title Image&#8221; module_class=&#8221;main-title-image-module&#8221; _builder_version=&#8221;4.17.4&#8243; _module_preset=&#8221;default&#8221; global_colors_info=&#8221;{}&#8221;][\/et_pb_fullwidth_image][et_pb_fullwidth_code admin_label=&#8221;Main Title Code&#8221; module_class=&#8221;main-title-module&#8221; _builder_version=&#8221;4.17.4&#8243; _module_preset=&#8221;default&#8221; global_colors_info=&#8221;{}&#8221;]<\/p>\n<h1 class=\"main-title\">Acerca de Nosotros<\/h1>\n<p>[\/et_pb_fullwidth_code][\/et_pb_section][et_pb_section fb_built=&#8221;1&#8243; module_class=&#8221;inside-welcome-section&#8221; _builder_version=&#8221;4.17.1&#8243; _module_preset=&#8221;default&#8221; global_colors_info=&#8221;{}&#8221;][et_pb_row column_structure=&#8221;3_5,2_5&#8243; module_class=&#8221;inside-welcome-row&#8221; _builder_version=&#8221;4.17.1&#8243; _module_preset=&#8221;default&#8221; global_colors_info=&#8221;{}&#8221;][et_pb_column type=&#8221;3_5&#8243; _builder_version=&#8221;4.17.1&#8243; _module_preset=&#8221;default&#8221; global_colors_info=&#8221;{}&#8221;][et_pb_code admin_label=&#8221;Welcome Title Code&#8221; module_class=&#8221;inside-welcome-title&#8221; _builder_version=&#8221;4.17.4&#8243; _module_preset=&#8221;default&#8221; global_colors_info=&#8221;{}&#8221;]<\/p>\n<h2>AM-AG es una compa\u00f1\u00eda de Soluci\u00f3nes agr\u00edcolas con muchas d\u00e9cadas de experiencia ayudando a los productores agr\u00edcolas de Am\u00e9rica a mantener cosechas abundantes y saludables, mediante productos y servicios de manufactura confiables.<!-- [et_pb_line_break_holder] --><\/h2>\n<p>[\/et_pb_code][et_pb_divider module_class=&#8221;inside-welcome-divider&#8221; _builder_version=&#8221;4.17.1&#8243; _module_preset=&#8221;default&#8221; global_colors_info=&#8221;{}&#8221;][\/et_pb_divider][et_pb_code admin_label=&#8221;Welcome Text Code&#8221; module_class=&#8221;inside-welcome-text&#8221; _builder_version=&#8221;4.17.4&#8243; _module_preset=&#8221;default&#8221; global_colors_info=&#8221;{}&#8221;]<pee> Como fabricante l\u00edder de biofertilizantes en Am\u00e9rica y bioestimulantes manufacturados por Sigma AgriScience, le ofrecemos a nuestros clientes m\u00e1s de 80 a\u00f1os de experiencia combinada, sirviendo el sector global de las empresas agr\u00edcolas en la Uni\u00f3n Americana y el extranjero.<\/pee><!-- [et_pb_line_break_holder] --><!-- [et_pb_line_break_holder] --><a class=\"rmore\" href=\"https:\/\/am-ag.com\/es\/products\/\">VER LISTA DE PRODUCTOS<\/a>[\/et_pb_code][\/et_pb_column][et_pb_column type=&#8221;2_5&#8243; _builder_version=&#8221;4.17.1&#8243; _module_preset=&#8221;default&#8221; global_colors_info=&#8221;{}&#8221;][et_pb_code admin_label=&#8221;Side Block Code&#8221; module_class=&#8221;aside-code&#8221; _builder_version=&#8221;4.17.4&#8243; _module_preset=&#8221;default&#8221; global_colors_info=&#8221;{}&#8221;]<\/p>\n<h5 class=\"aside-title\">Enlaces R\u00e1pidos<\/h5>\n<p><!-- [et_pb_line_break_holder] --><\/p>\n<div class=\"aside-divider\"><\/div>\n<p><!-- [et_pb_line_break_holder] --><\/p>\n<ul class=\"ul-side-list\"><!-- [et_pb_line_break_holder] -->\t<a class=\"side-list-link\" href=\"https:\/\/sigma-agri.com\/\"><!-- [et_pb_line_break_holder] -->\t\t<\/p>\n<div class=\"side-list-logo-icon-wrap\"><!-- [et_pb_line_break_holder] -->\t\t\t<svg class=\"side-list-logo-icon\" viewBox=\"0 0 24 24\"><path d=\"M16.84 4l4.856 8.5L16.84 21H7.16l-4.856-8.5L7.16 4h9.68zM18 2H6L0 12.5 6 23h12l6-10.5L18 2z\"><\/path><\/svg><!-- [et_pb_line_break_holder] -->\t\t<\/div>\n<div class=\"side-list-logo-wrap\"><!-- [et_pb_line_break_holder] -->\t\t\t<img decoding=\"async\" src=\"https:\/\/am-ag.com\/es\/wp-content\/uploads\/2022\/04\/sigma-logo.png\" class=\"side-list-logo\" \/><!-- [et_pb_line_break_holder] -->\t\t<\/div>\n<p><!-- [et_pb_line_break_holder] -->\t<\/a><!-- [et_pb_line_break_holder] -->\t<\/p>\n<li class=\"side-list\"><!-- [et_pb_line_break_holder] -->\t\t<a href=\"https:\/\/am-ag.com\/es\/products\/\"><!-- [et_pb_line_break_holder] -->\n<div class=\"side-list-icon-wrap\"><!-- [et_pb_line_break_holder] -->\t\t\t\t<svg class=\"side-list-icon\" viewBox=\"0 0 24 24\"><path d=\"M23 5v13.88L22 19V3c-3.9.12-7.5.76-10 2.32C9.5 3.76 5.9 3.12 2 3v16l-1-.12V5H0v15h9.06c1.48 0 1.64 1 2.94 1s1.46-1 2.94-1H24V5h-1zM11 18.64c-1.95-.77-4.14-1.26-7-1.48V5.1c2.35.2 5 .7 7 1.93v11.62zm9-1.48c-2.86.22-5.05.7-7 1.5V7.02c2-1.24 4.65-1.72 7-1.92v12.06z\"><\/path><\/svg><!-- [et_pb_line_break_holder] -->\t\t\t<\/div>\n<p>Ver productos<!-- [et_pb_line_break_holder] -->\t\t<\/a><!-- [et_pb_line_break_holder] -->\t<\/li>\n<p><!-- [et_pb_line_break_holder] -->\t<\/p>\n<li class=\"side-list\"><!-- [et_pb_line_break_holder] -->\t\t<a href=\"https:\/\/am-ag.com\/es\/solutions\/\"><!-- [et_pb_line_break_holder] -->\n<div class=\"side-list-icon-wrap\"><!-- [et_pb_line_break_holder] -->\t\t\t\t<svg class=\"side-list-icon\" viewBox=\"0 0 24 24\"><path d=\"M16.73 21c-.75-1.76-2.48-2.68-4.26-2.9-.95-2.03-1.14-5.45.52-8.8.45.2.96.33 1.5.33 3 0 6.78-3.4 7.5-9.63-10.5 0-11.86 5.1-10.63 7.7.52-.68 1.05-1.3 1.65-1.84-.02-2.5 3.96-3.5 6.53-3.75-1.16 4-3.93 5.96-5.55 5.44.77-1.15 1.68-2.12 2.3-2.8-3.2 1.54-5.36 5.07-6.05 8.73-.37-.22-.84-.47-1.37-.7.8-1.87-2.35-3.84-5.84-2.1 1.08 2.92 4.26 4.13 5.54 2.6.6.43 1.13.9 1.5 1.3-.14 1.5-.02 2.76.2 3.64-1.16.27-2.16.84-2.7 1.7C4.85 18.77 2 20.94 2 24h18c0-2.13-1.7-3.1-3.27-3zM4.47 11.2c2.25-.65 3.8.5 3.47 1.22-.53-.25-1.1-.42-1.88-.5.66.25 1.36.58 1.67.8-.8.68-2.67-.3-3.26-1.53z\"><\/path><\/svg><!-- [et_pb_line_break_holder] -->\t\t\t<\/div>\n<p>Soluci\u00f3nes agr\u00edcolas<!-- [et_pb_line_break_holder] -->\t\t<\/a><!-- [et_pb_line_break_holder] -->\t<\/li>\n<p><!-- [et_pb_line_break_holder] -->\t<\/p>\n<li class=\"side-list\"><!-- [et_pb_line_break_holder] -->\t\t<a href=\"https:\/\/am-ag.com\/es\/services\/\"><!-- [et_pb_line_break_holder] -->\n<div class=\"side-list-icon-wrap\"><!-- [et_pb_line_break_holder] -->\t\t\t\t<svg class=\"side-list-icon\" viewBox=\"0 0 24 24\"><path d=\"M21 13v10h-6v-6H9v6H3V13H0L12 1l12 12h-3zm-1-5.9V2h-3v2.1l3 3z\"><\/path><\/svg><!-- [et_pb_line_break_holder] -->\t\t\t<\/div>\n<p>Servicios<!-- [et_pb_line_break_holder] -->\t\t<\/a><!-- [et_pb_line_break_holder] -->\t<\/li>\n<p><!-- [et_pb_line_break_holder] -->\t<\/p>\n<li class=\"side-list\"><!-- [et_pb_line_break_holder] -->\t\t<a href=\"https:\/\/am-ag.com\/es\/contact\/\"><!-- [et_pb_line_break_holder] -->\n<div class=\"side-list-icon-wrap\"><!-- [et_pb_line_break_holder] -->\t\t\t\t<svg class=\"side-list-icon\" viewBox=\"0 0 24 24\"><path d=\"M20 22.62l-3.52-6.794c-.01.004-1.975.97-2.065 1.01-2.24 1.087-6.8-7.82-4.61-8.993l2.084-1.026L8.395 0 6.29 1.04c-7.202 3.754 4.233 25.98 11.6 22.614.12-.055 2.102-1.03 2.11-1.033z\"><\/path><\/svg><!-- [et_pb_line_break_holder] -->\t\t\t<\/div>\n<p>Contacta con nosotras<!-- [et_pb_line_break_holder] -->\t\t<\/a><!-- [et_pb_line_break_holder] -->\t<\/li>\n<p><!-- [et_pb_line_break_holder] --><\/ul>\n<p>[\/et_pb_code][\/et_pb_column][\/et_pb_row][\/et_pb_section][et_pb_section fb_built=&#8221;1&#8243; admin_label=&#8221;Content Section&#8221; module_class=&#8221;about-content-section&#8221; _builder_version=&#8221;4.17.1&#8243; _module_preset=&#8221;default&#8221; global_colors_info=&#8221;{}&#8221;][et_pb_row column_structure=&#8221;2_5,3_5&#8243; admin_label=&#8221;Content Row&#8221; module_class=&#8221;content-row&#8221; _builder_version=&#8221;4.17.1&#8243; _module_preset=&#8221;default&#8221; global_colors_info=&#8221;{}&#8221;][et_pb_column type=&#8221;2_5&#8243; _builder_version=&#8221;4.17.1&#8243; _module_preset=&#8221;default&#8221; global_colors_info=&#8221;{}&#8221;][et_pb_image src=&#8221;https:\/\/am-ag.com\/es\/wp-content\/uploads\/2022\/04\/wheat-field.jpg&#8221; title_text=&#8221;wheat-field&#8221; admin_label=&#8221;Content Image&#8221; module_class=&#8221;content-image&#8221; _builder_version=&#8221;4.17.4&#8243; _module_preset=&#8221;default&#8221; global_colors_info=&#8221;{}&#8221;][\/et_pb_image][\/et_pb_column][et_pb_column type=&#8221;3_5&#8243; _builder_version=&#8221;4.17.1&#8243; _module_preset=&#8221;default&#8221; global_colors_info=&#8221;{}&#8221;][et_pb_code disabled_on=&#8221;on|on|on&#8221; admin_label=&#8221;Content Title Code&#8221; module_class=&#8221;content-title-module&#8221; _builder_version=&#8221;4.17.4&#8243; _module_preset=&#8221;default&#8221; disabled=&#8221;on&#8221; global_colors_info=&#8221;{}&#8221;]<\/p>\n<h2>Scientifically Formulated to Strengthen Soil<\/h2>\n<p>[\/et_pb_code][et_pb_divider disabled_on=&#8221;on|on|on&#8221; admin_label=&#8221;Content Divider&#8221; module_class=&#8221;content-divider&#8221; _builder_version=&#8221;4.17.4&#8243; _module_preset=&#8221;default&#8221; disabled=&#8221;on&#8221; global_colors_info=&#8221;{}&#8221;][\/et_pb_divider][et_pb_code admin_label=&#8221;Content Text Code&#8221; module_class=&#8221;content-text-module&#8221; _builder_version=&#8221;4.17.4&#8243; _module_preset=&#8221;default&#8221; hover_enabled=&#8221;0&#8243; global_colors_info=&#8221;{}&#8221; sticky_enabled=&#8221;0&#8243;]<\/p>\n<h3>\u00a0<\/h3>\n<p><!-- [et_pb_line_break_holder] --><pee>En AM-AG, estamos constantemente buscando formas adicionales de mejorar nuestra participaci\u00f3n en la innovaci\u00f3n, fabricaci\u00f3n y distribuci\u00f3n de bioestimulantes y biofertilizantes org\u00e1nicos.<\/pee><!-- [et_pb_line_break_holder] --><pee>Al sumar recursos con Sigma AgriScience, nuestras fortalezas y esfuerzos se combinan y expanden ofreciendo m\u00e1s presencia de AM-AG a trav\u00e9s de M\u00e9xico y el resto de Latino-Am\u00e9rica. Pronto, extenderemos nuestro alcance a\u00fan m\u00e1s lejos.<!-- [et_pb_line_break_holder] --><\/pee>[\/et_pb_code][\/et_pb_column][\/et_pb_row][\/et_pb_section][et_pb_section fb_built=&#8221;1&#8243; admin_label=&#8221;About Content Section&#8221; module_class=&#8221;content-2-section&#8221; _builder_version=&#8221;4.17.4&#8243; _module_preset=&#8221;default&#8221; global_colors_info=&#8221;{}&#8221;][et_pb_row column_structure=&#8221;1_2,1_2&#8243; admin_label=&#8221;About Content Row&#8221; module_class=&#8221;content-2-row&#8221; _builder_version=&#8221;4.17.1&#8243; _module_preset=&#8221;default&#8221; global_colors_info=&#8221;{}&#8221;][et_pb_column type=&#8221;1_2&#8243; _builder_version=&#8221;4.17.1&#8243; _module_preset=&#8221;default&#8221; global_colors_info=&#8221;{}&#8221;][et_pb_divider show_divider=&#8221;off&#8221; admin_label=&#8221;Background Images&#8221; module_class=&#8221;bg-image-module bg-image-56vh&#8221; _builder_version=&#8221;4.17.1&#8243; _module_preset=&#8221;default&#8221; background_image=&#8221;https:\/\/am-ag.com\/es\/wp-content\/uploads\/2022\/04\/survey.jpg&#8221; global_colors_info=&#8221;{}&#8221;][\/et_pb_divider][et_pb_divider show_divider=&#8221;off&#8221; admin_label=&#8221;Background Images&#8221; module_class=&#8221;bg-image-module bg-image-32vh&#8221; _builder_version=&#8221;4.17.4&#8243; _module_preset=&#8221;default&#8221; background_image=&#8221;https:\/\/am-ag.com\/es\/wp-content\/uploads\/2022\/04\/watering-field.jpg&#8221; global_colors_info=&#8221;{}&#8221;][\/et_pb_divider][et_pb_divider show_divider=&#8221;off&#8221; admin_label=&#8221;Background Images&#8221; module_class=&#8221;bg-image-module bg-image-56vh&#8221; _builder_version=&#8221;4.17.1&#8243; _module_preset=&#8221;default&#8221; background_image=&#8221;https:\/\/am-ag.com\/es\/wp-content\/uploads\/2022\/04\/field-lines.jpg&#8221; global_colors_info=&#8221;{}&#8221;][\/et_pb_divider][\/et_pb_column][et_pb_column type=&#8221;1_2&#8243; _builder_version=&#8221;4.17.1&#8243; _module_preset=&#8221;default&#8221; global_colors_info=&#8221;{}&#8221;][et_pb_divider show_divider=&#8221;off&#8221; admin_label=&#8221;Background Images&#8221; module_class=&#8221;bg-image-module bg-image-56vh&#8221; _builder_version=&#8221;4.17.1&#8243; _module_preset=&#8221;default&#8221; background_image=&#8221;https:\/\/am-ag.com\/es\/wp-content\/uploads\/2022\/04\/field.jpg&#8221; global_colors_info=&#8221;{}&#8221;][\/et_pb_divider][et_pb_code admin_label=&#8221;Highlight Text Code&#8221; module_class=&#8221;highlighted-text-module&#8221; _builder_version=&#8221;4.17.4&#8243; _module_preset=&#8221;default&#8221; global_colors_info=&#8221;{}&#8221;]AM-AG. Innovaciones cient\u00edficas para la agricultura de ma\u00f1ana.[\/et_pb_code][et_pb_code admin_label=&#8221;Title Code&#8221; module_class=&#8221;inside-welcome-title&#8221; _builder_version=&#8221;4.17.4&#8243; _module_preset=&#8221;default&#8221; hover_enabled=&#8221;0&#8243; global_colors_info=&#8221;{}&#8221; text_orientation=&#8221;left&#8221; sticky_enabled=&#8221;0&#8243;]<\/p>\n<h2>Nuestro equipo se esfuerza continuamente para mantener a <!-- [et_pb_line_break_holder] -->  AM-AG como un l\u00edder reconocido en la Agroindustria, introduciendo productos que son muy novedosos y eficientes.<!-- [et_pb_line_break_holder] --><\/h2>\n<p>[\/et_pb_code][et_pb_divider module_class=&#8221;inside-welcome-divider&#8221; _builder_version=&#8221;4.17.1&#8243; _module_preset=&#8221;default&#8221; global_colors_info=&#8221;{}&#8221;][\/et_pb_divider][et_pb_code admin_label=&#8221;Text Code&#8221; module_class=&#8221;inside-welcome-text&#8221; _builder_version=&#8221;4.17.4&#8243; _module_preset=&#8221;default&#8221; hover_enabled=&#8221;0&#8243; global_colors_info=&#8221;{}&#8221; sticky_enabled=&#8221;0&#8243;]<pee> Estamos dedicados a permanecer en la vanguardia de la industria, no tan s\u00f3lo mediante nuestros productos, sino tambi\u00e9n con nuestro basto conocimiento de la agronom\u00eda, para apoyar a los productores a optimizar al m\u00e1ximo el rendimiento de su inversi\u00f3n.<\/pee>[\/et_pb_code][\/et_pb_column][\/et_pb_row][\/et_pb_section]<\/p>\n","protected":false},"excerpt":{"rendered":"","protected":false},"author":2,"featured_media":0,"parent":0,"menu_order":0,"comment_status":"closed","ping_status":"closed","template":"","meta":{"_et_pb_use_builder":"on","_et_pb_old_content":"","_et_gb_content_width":"","inline_featured_image":false,"_monsterinsights_skip_tracking":false,"_monsterinsights_sitenote_active":false,"_monsterinsights_sitenote_note":"","_monsterinsights_sitenote_category":0,"footnotes":""},"class_list":["post-31","page","type-page","status-publish","hentry"],"aioseo_notices":[],"_links":{"self":[{"href":"https:\/\/am-ag.com\/es\/wp-json\/wp\/v2\/pages\/31","targetHints":{"allow":["GET"]}}],"collection":[{"href":"https:\/\/am-ag.com\/es\/wp-json\/wp\/v2\/pages"}],"about":[{"href":"https:\/\/am-ag.com\/es\/wp-json\/wp\/v2\/types\/page"}],"author":[{"embeddable":true,"href":"https:\/\/am-ag.com\/es\/wp-json\/wp\/v2\/users\/2"}],"replies":[{"embeddable":true,"href":"https:\/\/am-ag.com\/es\/wp-json\/wp\/v2\/comments?post=31"}],"version-history":[{"count":24,"href":"https:\/\/am-ag.com\/es\/wp-json\/wp\/v2\/pages\/31\/revisions"}],"predecessor-version":[{"id":4197,"href":"https:\/\/am-ag.com\/es\/wp-json\/wp\/v2\/pages\/31\/revisions\/4197"}],"wp:attachment":[{"href":"https:\/\/am-ag.com\/es\/wp-json\/wp\/v2\/media?parent=31"}],"curies":[{"name":"wp","href":"https:\/\/api.w.org\/{rel}","templated":true}]}}