{"id":2654,"date":"2022-09-14T08:39:34","date_gmt":"2022-09-14T13:39:34","guid":{"rendered":"https:\/\/am-ag.com\/es\/?page_id=2654"},"modified":"2022-11-03T13:18:16","modified_gmt":"2022-11-03T18:18:16","slug":"sanidate-drywipes","status":"publish","type":"page","link":"https:\/\/am-ag.com\/es\/food-safety-products\/sanidate-drywipes\/","title":{"rendered":"SANIDATE\u00ae DRY WIPES"},"content":{"rendered":"<p>[et_pb_section fb_built=&#8221;1&#8243; module_class=&#8221;fsp-content-section&#8221; _builder_version=&#8221;4.17.1&#8243; _module_preset=&#8221;default&#8221; global_colors_info=&#8221;{}&#8221;][et_pb_row column_structure=&#8221;1_2,1_2&#8243; module_class=&#8221;fsp-content-row single-product-row&#8221; _builder_version=&#8221;4.17.4&#8243; _module_preset=&#8221;default&#8221; global_colors_info=&#8221;{}&#8221;][et_pb_column type=&#8221;1_2&#8243; _builder_version=&#8221;4.17.1&#8243; _module_preset=&#8221;default&#8221; global_colors_info=&#8221;{}&#8221;][et_pb_text admin_label=&#8221;Title Text&#8221; module_class=&#8221;single-product-title&#8221; _builder_version=&#8221;4.17.4&#8243; _module_preset=&#8221;default&#8221; global_colors_info=&#8221;{}&#8221;]<\/p>\n<h2>SANIDATE\u00ae DRY WIPES<\/h2>\n<p>[\/et_pb_text][et_pb_text admin_label=&#8221;Caption Title Text&#8221; module_class=&#8221;single-product-caption&#8221; _builder_version=&#8221;4.17.4&#8243; _module_preset=&#8221;default&#8221; hover_enabled=&#8221;0&#8243; global_colors_info=&#8221;{}&#8221; sticky_enabled=&#8221;0&#8243;]<\/p>\n<h4>Toallitas H\u00famedas Desinfectantes<\/h4>\n<p>[\/et_pb_text][et_pb_text admin_label=&#8221;Content Text&#8221; module_class=&#8221;single-product-content&#8221; _builder_version=&#8221;4.17.4&#8243; _module_preset=&#8221;default&#8221; global_colors_info=&#8221;{}&#8221;]<\/p>\n<p>Las toallitas de per\u00f3xido activado listas para usar eliminan el 99,9 % de las bacterias en cualquier superficie. Limpie, desinfecte y desodorice f\u00e1cilmente las superficies duras del hogar y la oficina. Las toallitas higienizantes registradas por la EPA de SaniDate son ideales para \u00e1reas de juego de ni\u00f1os y mascotas. \u00a1\u00daselos en mesas, escritorios, mostradores, juguetes, herramientas y m\u00e1s! Mata el 99,9 % de los g\u00e9rmenes dom\u00e9sticos comunes, no contiene lej\u00eda, amon\u00edaco ni fragancia, funciona de inmediato y no deja residuos. Toallita higienizante para uso en mesas, escritorios, mostradores. 125 toallitas h\u00famedas por bote. Cada. Libre de lej\u00eda y amon\u00edaco. Act\u00faa inmediatamente y no deja residuos.\n<\/p>\n<p>[\/et_pb_text][et_pb_text admin_label=&#8221;Buttons&#8221; module_class=&#8221;single-product-links&#8221; _builder_version=&#8221;4.17.4&#8243; _module_preset=&#8221;default&#8221; global_colors_info=&#8221;{}&#8221;]<\/p>\n<p><a class=\"box-button\" href=\"https:\/\/am-ag.com\/es\/wp-content\/uploads\/2022\/06\/SaniDate-DryWipes_label.pdf\" target=\"_blank\" rel=\"noopener\">Label<\/a> <\/p>\n<p>[\/et_pb_text][\/et_pb_column][et_pb_column type=&#8221;1_2&#8243; _builder_version=&#8221;4.17.1&#8243; _module_preset=&#8221;default&#8221; global_colors_info=&#8221;{}&#8221;][et_pb_image src=&#8221;https:\/\/am-ag.com\/es\/wp-content\/uploads\/2022\/09\/SANIDATE_DRY_WIPES.jpg&#8221; title_text=&#8221;SANIDATE_DRY_WIPES&#8221; admin_label=&#8221;Product Image&#8221; _builder_version=&#8221;4.17.4&#8243; _module_preset=&#8221;default&#8221; global_colors_info=&#8221;{}&#8221;][\/et_pb_image][\/et_pb_column][\/et_pb_row][et_pb_row disabled_on=&#8221;on|on|on&#8221; _builder_version=&#8221;4.17.1&#8243; _module_preset=&#8221;default&#8221; disabled=&#8221;on&#8221; global_colors_info=&#8221;{}&#8221;][et_pb_column type=&#8221;4_4&#8243; _builder_version=&#8221;4.17.1&#8243; _module_preset=&#8221;default&#8221; global_colors_info=&#8221;{}&#8221;][et_pb_toggle title=&#8221;Agriculture Products&#8221; disabled_on=&#8221;on|on|on&#8221; admin_label=&#8221;Agriculture Products&#8221; _builder_version=&#8221;4.17.1&#8243; _module_preset=&#8221;default&#8221; disabled=&#8221;on&#8221; global_colors_info=&#8221;{}&#8221;]<\/p>\n<div class=\"amag-pro-support-mod\">\n<h5><\/h5>\n<div class=\"amag-left\">\n<h4>AXXE\u00ae<\/h4>\n<p>BROAD SPECTRUM NON-SELECTIVE \/ NON-RESIDUAL HERBICIDE<\/p>\n<div class=\"buttons-wrap\"><a class=\"box-button\" href=\"https:\/\/am-ag.com\/es\/wp-content\/uploads\/2022\/06\/axxe-broad-spectrum-herbicide_label.pdf\" target=\"_new\" rel=\"noopener\">LABEL<\/a><a class=\"box-button\" href=\"https:\/\/am-ag.com\/es\/wp-content\/uploads\/2022\/06\/axxe-broad-spectrum-herbicide_sds.pdf\" target=\"_new\" rel=\"noopener\">SDS<\/a><\/div>\n<\/div>\n<div class=\"amag-left\">\n<h4>AZAGUARD\u00ae<\/h4>\n<p>INSECTICIDE \/ NEMATICIDE<\/p>\n<div class=\"buttons-wrap\"><a class=\"box-button\" href=\"https:\/\/am-ag.com\/es\/wp-content\/uploads\/2022\/06\/azaguard_label.pdf\" target=\"_new\" rel=\"noopener\">LABEL<\/a><a class=\"box-button\" href=\"https:\/\/am-ag.com\/es\/wp-content\/uploads\/2022\/06\/azaguard_sds.pdf\" target=\"_new\" rel=\"noopener\">SDS<\/a><\/div>\n<\/div>\n<div class=\"amag-left\">\n<h4>BIOCERES\u00ae WP<\/h4>\n<p>BIOLOGICAL MYCOINSECTICIDE<\/p>\n<div class=\"buttons-wrap\"><a class=\"box-button\" href=\"https:\/\/am-ag.com\/es\/wp-content\/uploads\/2022\/06\/bioceres-wp_label.pdf\" target=\"_new\" rel=\"noopener\">LABEL<\/a><a class=\"box-button\" href=\"https:\/\/am-ag.com\/es\/wp-content\/uploads\/2022\/06\/bioceres-wp_sds.pdf\" target=\"_new\" rel=\"noopener\">SDS<\/a><\/div>\n<\/div>\n<\/div>\n<div class=\"amag-pro-support-mod\">\n<h5><\/h5>\n<div class=\"amag-left\">\n<h4>BIOFOAMER\u00ae<\/h4>\n<p>FOAMING AGENT<\/p>\n<div class=\"buttons-wrap\"><a class=\"box-button\" href=\"https:\/\/am-ag.com\/es\/wp-content\/uploads\/2022\/06\/biofoamer_label.pdf\" target=\"_new\" rel=\"noopener\">LABEL<\/a><a class=\"box-button\" href=\"https:\/\/am-ag.com\/es\/wp-content\/uploads\/2022\/06\/biofoamer_sds.pdf\" target=\"_new\" rel=\"noopener\">SDS<\/a><\/div>\n<\/div>\n<div class=\"amag-left\">\n<h4>BT NOW\u00ae<\/h4>\n<p>BIOLOGICAL INSECTICIDE<\/p>\n<div class=\"buttons-wrap\"><a class=\"box-button\" href=\"https:\/\/am-ag.com\/es\/wp-content\/uploads\/2022\/06\/bt-now_label.pdf\" target=\"_new\" rel=\"noopener\">LABEL<\/a><a class=\"box-button\" href=\"https:\/\/am-ag.com\/es\/wp-content\/uploads\/2022\/06\/bt-now_sds.pdf\" target=\"_new\" rel=\"noopener\">SDS<\/a><\/div>\n<\/div>\n<div class=\"amag-left\">\n<h4>CALOX\u00ae FT<\/h4>\n<p>8-0-0 + MOBILIZED CALCIUM<\/p>\n<div class=\"buttons-wrap\"><a class=\"box-button\" href=\"https:\/\/am-ag.com\/es\/wp-content\/uploads\/2022\/06\/calox-ft_label.pdf\" target=\"_new\" rel=\"noopener\">LABEL<\/a><a class=\"box-button\" href=\"https:\/\/am-ag.com\/es\/wp-content\/uploads\/2022\/06\/calox-ft_sds.pdf\" target=\"_new\" rel=\"noopener\">SDS<\/a><\/div>\n<\/div>\n<\/div>\n<div class=\"amag-pro-support-mod\">\n<h5><\/h5>\n<div class=\"amag-left\">\n<h4>CALOX\u00ae PH<\/h4>\n<p>MICRONIZED CALCIUM CARBONATE<\/p>\n<div class=\"buttons-wrap\"><a class=\"box-button\" href=\"https:\/\/am-ag.com\/es\/wp-content\/uploads\/2022\/06\/calox-ph_label.pdf\" target=\"_new\" rel=\"noopener\">LABEL<\/a><a class=\"box-button\" href=\"https:\/\/am-ag.com\/es\/wp-content\/uploads\/2022\/06\/calox-ph_sds.pdf\" target=\"_new\" rel=\"noopener\">SDS<\/a><\/div>\n<\/div>\n<div class=\"amag-left\">\n<h4>GUARDA\u00ae<\/h4>\n<p>BOTANICAL FUNGICIDE, BACTERICIDE POWERED BY HOLDit\u00ae TECHNOLOGY<\/p>\n<div class=\"buttons-wrap\"><a class=\"box-button\" href=\"https:\/\/am-ag.com\/es\/wp-content\/uploads\/2022\/06\/1850-Guarda-V1-Univ-Specimen.pdf\" target=\"_new\" rel=\"noopener\">LABEL<\/a><a class=\"box-button\" href=\"https:\/\/am-ag.com\/es\/wp-content\/uploads\/2022\/06\/guarda_sds.pdf\" target=\"_new\" rel=\"noopener\">SDS<\/a><\/div>\n<\/div>\n<div class=\"amag-left\">\n<h4>OXIDATE\u00ae 2.0<\/h4>\n<p>BROAD SPECTRUM BACTERICIDE \/ FUNGICIDE<\/p>\n<div class=\"buttons-wrap\"><a class=\"box-button\" href=\"https:\/\/am-ag.com\/es\/wp-content\/uploads\/2022\/06\/oxidate-2_label.pdf\" target=\"_new\" rel=\"noopener\">LABEL<\/a><a class=\"box-button\" href=\"https:\/\/am-ag.com\/es\/wp-content\/uploads\/2022\/06\/oxidate-2_sds.pdf\" target=\"_new\" rel=\"noopener\">SDS<\/a><\/div>\n<\/div>\n<\/div>\n<p>[\/et_pb_toggle][et_pb_text disabled_on=&#8221;on|on|on&#8221; _builder_version=&#8221;4.17.1&#8243; _module_preset=&#8221;default&#8221; disabled=&#8221;on&#8221; global_colors_info=&#8221;{}&#8221;]<\/p>\n<div class=\"amag-pro-support-mod\">\n<h5><\/h5>\n<div class=\"amag-left\">\n<h4>BIOFOAMER\u00ae<\/h4>\n<p>FOAMING AGENT<\/p>\n<div class=\"buttons-wrap\"><a class=\"box-button\" href=\"https:\/\/am-ag.com\/es\/wp-content\/uploads\/2022\/06\/biofoamer_label-1.pdf\" target=\"_new\" rel=\"noopener\">LABEL<\/a><a class=\"box-button\" href=\"https:\/\/am-ag.com\/es\/wp-content\/uploads\/2022\/06\/biofoamer_sds-1.pdf\" target=\"_new\" rel=\"noopener\">SDS<\/a><\/div>\n<\/div>\n<div class=\"amag-left\">\n<h4>GREENCLEAN\u00ae<\/h4>\n<p>ALKALINE CLEANING AGENT<\/p>\n<div class=\"buttons-wrap\"><a class=\"box-button\" href=\"https:\/\/am-ag.com\/es\/wp-content\/uploads\/2022\/06\/greenclean-alkaline-cleaner_label.pdf\" target=\"_new\" rel=\"noopener\">LABEL<\/a><a class=\"box-button\" href=\"https:\/\/am-ag.com\/es\/wp-content\/uploads\/2022\/06\/greenclean-alkaline-cleaner_sds.pdf\" target=\"_new\" rel=\"noopener\">SDS<\/a><\/div>\n<\/div>\n<div class=\"amag-left\">\n<h4>GREENCLEAN\u00ae PRO<\/h4>\n<p>GRANULAR ALGAECIDE \/ FUNGICIDE<\/p>\n<div class=\"buttons-wrap\"><a class=\"box-button\" href=\"https:\/\/am-ag.com\/es\/wp-content\/uploads\/2022\/06\/greencleanpro_label.pdf\" target=\"_new\" rel=\"noopener\">LABEL<\/a><a class=\"box-button\" href=\"https:\/\/am-ag.com\/es\/wp-content\/uploads\/2022\/06\/greencleanpro_sds.pdf\" target=\"_new\" rel=\"noopener\">SDS<\/a><\/div>\n<\/div>\n<\/div>\n<div class=\"amag-pro-support-mod\">\n<h5><\/h5>\n<div class=\"amag-left\">\n<h4>SANIDATE\u00ae 12.0<\/h4>\n<p>FUNGICIDE \/ BACTERICIDE \/ MICROBIOCIDE<\/p>\n<div class=\"buttons-wrap\"><a class=\"box-button\" href=\"https:\/\/am-ag.com\/es\/wp-content\/uploads\/2022\/06\/sanidate-12_label.pdf\" target=\"_new\" rel=\"noopener\">LABEL<\/a><a class=\"box-button\" href=\"https:\/\/am-ag.com\/es\/wp-content\/uploads\/2022\/06\/sanidate-12_sds.pdf\" target=\"_new\" rel=\"noopener\">SDS<\/a><\/div>\n<\/div>\n<div class=\"amag-left\">\n<h4>SANIDATE\u00ae 15.0<\/h4>\n<p>SANITIZER, DISINFECTANT<\/p>\n<div class=\"buttons-wrap\"><a class=\"box-button\" href=\"https:\/\/am-ag.com\/es\/wp-content\/uploads\/2022\/06\/sanidate-15_label.pdf\" target=\"_new\" rel=\"noopener\">LABEL<\/a><a class=\"box-button\" href=\"https:\/\/am-ag.com\/es\/wp-content\/uploads\/2022\/06\/sanidate-15_sds.pdf\" target=\"_new\" rel=\"noopener\">SDS<\/a><\/div>\n<\/div>\n<div class=\"amag-left\">\n<h4>SANIDATE\u00ae 5.0<\/h4>\n<p>SANITIZER, DISINFECTANT<\/p>\n<div class=\"buttons-wrap\"><a class=\"box-button\" href=\"https:\/\/am-ag.com\/es\/wp-content\/uploads\/2022\/06\/sanidate-5_label.pdf\" target=\"_new\" rel=\"noopener\">LABEL<\/a><a class=\"box-button\" href=\"https:\/\/am-ag.com\/es\/wp-content\/uploads\/2022\/06\/sanidate-5_sds.pdf\" target=\"_new\" rel=\"noopener\">SDS<\/a><\/div>\n<\/div>\n<\/div>\n<div class=\"amag-pro-support-mod\">\n<h5><\/h5>\n<div class=\"amag-left\">\n<h4>SANIDATE\u00ae ALL PURPOSE DISINFECTANT<\/h4>\n<p>MULTI-PURPOSE CLEANER<\/p>\n<div class=\"buttons-wrap\"><a class=\"box-button\" href=\"https:\/\/am-ag.com\/es\/wp-content\/uploads\/2022\/06\/sanidate-all-purpose-disinfectant_label.pdf\" target=\"_new\" rel=\"noopener\">LABEL<\/a><a class=\"box-button\" href=\"https:\/\/am-ag.com\/es\/wp-content\/uploads\/2022\/06\/sanidate-all-purpose-disinfectant_sds.pdf\" target=\"_new\" rel=\"noopener\">SDS<\/a><\/div>\n<\/div>\n<div class=\"amag-left\">\n<h4>SANIDATE\u00ae DRY WIPES<\/h4>\n<p>SANITIZING WIPES<\/p>\n<div class=\"buttons-wrap\"><a class=\"box-button\" href=\"https:\/\/am-ag.com\/es\/wp-content\/uploads\/2022\/06\/SaniDate-DryWipes_label.pdf\" target=\"_new\" rel=\"noopener\">LABEL<\/a><\/div>\n<\/div>\n<div class=\"amag-left\">\n<h4>SANIDATE\u00ae READY TO USE<\/h4>\n<p>HARD SURFACE SANITIZER<\/p>\n<div class=\"buttons-wrap\"><a class=\"box-button\" href=\"https:\/\/am-ag.com\/es\/wp-content\/uploads\/2022\/06\/sanidate-rtu_label.pdf\" target=\"_new\" rel=\"noopener\">LABEL<\/a><a class=\"box-button\" href=\"https:\/\/am-ag.com\/es\/wp-content\/uploads\/2022\/06\/sanidate-rtu_sds.pdf\" target=\"_new\" rel=\"noopener\">SDS<\/a><\/div>\n<\/div>\n<\/div>\n<p>[\/et_pb_text][et_pb_code _builder_version=&#8221;4.17.1&#8243; _module_preset=&#8221;default&#8221; global_colors_info=&#8221;{}&#8221;]<\/p>\n<div class=\"amag-pro-support-mod\"><!-- [et_pb_line_break_holder] --><\/p>\n<h5><\/h5>\n<p><!-- [et_pb_line_break_holder] --><\/p>\n<div class=\"amag-left\"><!-- [et_pb_line_break_holder] --><\/p>\n<h4>BIOFOAMER\u00ae<\/h4>\n<p><!-- [et_pb_line_break_holder] -->FOAMING AGENT<!-- [et_pb_line_break_holder] --><\/p>\n<div class=\"buttons-wrap\"><a class=\"box-button\" href=\"https:\/\/am-ag.com\/es\/wp-content\/uploads\/2022\/06\/biofoamer_label-1.pdf\" target=\"_new\" rel=\"noopener\">LABEL<\/a><a class=\"box-button\" href=\"https:\/\/am-ag.com\/es\/wp-content\/uploads\/2022\/06\/biofoamer_sds-1.pdf\" target=\"_new\" rel=\"noopener\">SDS<\/a><\/div>\n<p><!-- [et_pb_line_break_holder] --><\/div>\n<p><!-- [et_pb_line_break_holder] --><\/p>\n<div class=\"amag-left\"><!-- [et_pb_line_break_holder] --><\/p>\n<h4>GREENCLEAN\u00ae<\/h4>\n<p><!-- [et_pb_line_break_holder] -->ALKALINE CLEANING AGENT<!-- [et_pb_line_break_holder] --><\/p>\n<div class=\"buttons-wrap\"><a class=\"box-button\" href=\"https:\/\/am-ag.com\/es\/wp-content\/uploads\/2022\/06\/greenclean-alkaline-cleaner_label.pdf\" target=\"_new\" rel=\"noopener\">LABEL<\/a><a class=\"box-button\" href=\"https:\/\/am-ag.com\/es\/wp-content\/uploads\/2022\/06\/greenclean-alkaline-cleaner_sds.pdf\" target=\"_new\" rel=\"noopener\">SDS<\/a><\/div>\n<p><!-- [et_pb_line_break_holder] --><\/div>\n<p><!-- [et_pb_line_break_holder] --><\/p>\n<div class=\"amag-left\"><!-- [et_pb_line_break_holder] --><\/p>\n<h4>GREENCLEAN\u00ae PRO<\/h4>\n<p><!-- [et_pb_line_break_holder] -->GRANULAR ALGAECIDE \/ FUNGICIDE<!-- [et_pb_line_break_holder] --><\/p>\n<div class=\"buttons-wrap\"><a class=\"box-button\" href=\"https:\/\/am-ag.com\/es\/wp-content\/uploads\/2022\/06\/greencleanpro_label.pdf\" target=\"_new\" rel=\"noopener\">LABEL<\/a><a class=\"box-button\" href=\"https:\/\/am-ag.com\/es\/wp-content\/uploads\/2022\/06\/greencleanpro_sds.pdf\" target=\"_new\" rel=\"noopener\">SDS<\/a><\/div>\n<p><!-- [et_pb_line_break_holder] --><\/div>\n<p><!-- [et_pb_line_break_holder] --><\/div>\n<p><!-- [et_pb_line_break_holder] --><!-- [et_pb_line_break_holder] --><!-- [et_pb_line_break_holder] --><\/p>\n<div class=\"amag-pro-support-mod\"><!-- [et_pb_line_break_holder] --><\/p>\n<h5><\/h5>\n<p><!-- [et_pb_line_break_holder] --><\/p>\n<div class=\"amag-left\"><!-- [et_pb_line_break_holder] --><\/p>\n<h4>SANIDATE\u00ae 12.0<\/h4>\n<p><!-- [et_pb_line_break_holder] -->FUNGICIDE \/ BACTERICIDE \/ MICROBIOCIDE<!-- [et_pb_line_break_holder] --><\/p>\n<div class=\"buttons-wrap\"><a class=\"box-button\" href=\"https:\/\/am-ag.com\/es\/wp-content\/uploads\/2022\/06\/sanidate-12_label.pdf\" target=\"_new\" rel=\"noopener\">LABEL<\/a><a class=\"box-button\" href=\"https:\/\/am-ag.com\/es\/wp-content\/uploads\/2022\/06\/sanidate-12_sds.pdf\" target=\"_new\" rel=\"noopener\">SDS<\/a><\/div>\n<p><!-- [et_pb_line_break_holder] --><\/div>\n<p><!-- [et_pb_line_break_holder] --><\/p>\n<div class=\"amag-left\"><!-- [et_pb_line_break_holder] --><\/p>\n<h4>SANIDATE\u00ae 15.0<\/h4>\n<p><!-- [et_pb_line_break_holder] -->SANITIZER, DISINFECTANT<!-- [et_pb_line_break_holder] --><\/p>\n<div class=\"buttons-wrap\"><a class=\"box-button\" href=\"https:\/\/am-ag.com\/es\/wp-content\/uploads\/2022\/06\/sanidate-15_label.pdf\" target=\"_new\" rel=\"noopener\">LABEL<\/a><a class=\"box-button\" href=\"https:\/\/am-ag.com\/es\/wp-content\/uploads\/2022\/06\/sanidate-15_sds.pdf\" target=\"_new\" rel=\"noopener\">SDS<\/a><\/div>\n<p><!-- [et_pb_line_break_holder] --><\/div>\n<p><!-- [et_pb_line_break_holder] --><\/p>\n<div class=\"amag-left\"><!-- [et_pb_line_break_holder] --><\/p>\n<h4>SANIDATE\u00ae 5.0<\/h4>\n<p><!-- [et_pb_line_break_holder] -->SANITIZER, DISINFECTANT<!-- [et_pb_line_break_holder] --><\/p>\n<div class=\"buttons-wrap\"><a class=\"box-button\" href=\"https:\/\/am-ag.com\/es\/wp-content\/uploads\/2022\/06\/sanidate-5_label.pdf\" target=\"_new\" rel=\"noopener\">LABEL<\/a><a class=\"box-button\" href=\"https:\/\/am-ag.com\/es\/wp-content\/uploads\/2022\/06\/sanidate-5_sds.pdf\" target=\"_new\" rel=\"noopener\">SDS<\/a><\/div>\n<p><!-- [et_pb_line_break_holder] --><\/div>\n<p><!-- [et_pb_line_break_holder] --><\/div>\n<p><!-- [et_pb_line_break_holder] --><!-- [et_pb_line_break_holder] --><!-- [et_pb_line_break_holder] --><!-- [et_pb_line_break_holder] --><\/p>\n<div class=\"amag-pro-support-mod\"><!-- [et_pb_line_break_holder] --><\/p>\n<h5><\/h5>\n<p><!-- [et_pb_line_break_holder] --><\/p>\n<div class=\"amag-left\"><!-- [et_pb_line_break_holder] --><\/p>\n<h4>SANIDATE\u00ae ALL PURPOSE DISINFECTANT<\/h4>\n<p><!-- [et_pb_line_break_holder] -->MULTI-PURPOSE CLEANER<!-- [et_pb_line_break_holder] --><\/p>\n<div class=\"buttons-wrap\"><a class=\"box-button\" href=\"https:\/\/am-ag.com\/es\/wp-content\/uploads\/2022\/06\/sanidate-all-purpose-disinfectant_label.pdf\" target=\"_new\" rel=\"noopener\">LABEL<\/a><a class=\"box-button\" href=\"https:\/\/am-ag.com\/es\/wp-content\/uploads\/2022\/06\/sanidate-all-purpose-disinfectant_sds.pdf\" target=\"_new\" rel=\"noopener\">SDS<\/a><\/div>\n<p><!-- [et_pb_line_break_holder] --><\/div>\n<p><!-- [et_pb_line_break_holder] --><\/p>\n<div class=\"amag-left\"><!-- [et_pb_line_break_holder] --><\/p>\n<h4>SANIDATE\u00ae DRY WIPES<\/h4>\n<p><!-- [et_pb_line_break_holder] -->SANITIZING WIPES<!-- [et_pb_line_break_holder] --><\/p>\n<div class=\"buttons-wrap\"><a class=\"box-button\" href=\"https:\/\/am-ag.com\/es\/wp-content\/uploads\/2022\/06\/SaniDate-DryWipes_label.pdf\" target=\"_new\" rel=\"noopener\">LABEL<\/a><\/div>\n<p><!-- [et_pb_line_break_holder] --><\/div>\n<p><!-- [et_pb_line_break_holder] --><\/p>\n<div class=\"amag-left\"><!-- [et_pb_line_break_holder] --><\/p>\n<h4>SANIDATE\u00ae READY TO USE<\/h4>\n<p><!-- [et_pb_line_break_holder] -->HARD SURFACE SANITIZER<!-- [et_pb_line_break_holder] --><\/p>\n<div class=\"buttons-wrap\"><a class=\"box-button\" href=\"https:\/\/am-ag.com\/es\/wp-content\/uploads\/2022\/06\/sanidate-rtu_label.pdf\" target=\"_new\" rel=\"noopener\">LABEL<\/a><a class=\"box-button\" href=\"https:\/\/am-ag.com\/es\/wp-content\/uploads\/2022\/06\/sanidate-rtu_sds.pdf\" target=\"_new\" rel=\"noopener\">SDS<\/a><\/div>\n<p><!-- [et_pb_line_break_holder] --><\/div>\n<p><!-- [et_pb_line_break_holder] --><\/div>\n<p>[\/et_pb_code][\/et_pb_column][\/et_pb_row][\/et_pb_section]<\/p>\n","protected":false},"excerpt":{"rendered":"<p>SANIDATE\u00ae DRY WIPESToallitas H\u00famedas DesinfectantesLas toallitas de per\u00f3xido activado listas para usar eliminan el 99,9 % de las bacterias en cualquier superficie. Limpie, desinfecte y desodorice f\u00e1cilmente las superficies duras del hogar y la oficina. Las toallitas higienizantes registradas por la EPA de SaniDate son ideales para \u00e1reas de juego de ni\u00f1os y mascotas. \u00a1\u00daselos [&hellip;]<\/p>\n","protected":false},"author":2,"featured_media":0,"parent":2164,"menu_order":0,"comment_status":"closed","ping_status":"closed","template":"","meta":{"_et_pb_use_builder":"on","_et_pb_old_content":"","_et_gb_content_width":"","inline_featured_image":false,"_monsterinsights_skip_tracking":false,"_monsterinsights_sitenote_active":false,"_monsterinsights_sitenote_note":"","_monsterinsights_sitenote_category":0,"footnotes":""},"class_list":["post-2654","page","type-page","status-publish","hentry"],"aioseo_notices":[],"_links":{"self":[{"href":"https:\/\/am-ag.com\/es\/wp-json\/wp\/v2\/pages\/2654","targetHints":{"allow":["GET"]}}],"collection":[{"href":"https:\/\/am-ag.com\/es\/wp-json\/wp\/v2\/pages"}],"about":[{"href":"https:\/\/am-ag.com\/es\/wp-json\/wp\/v2\/types\/page"}],"author":[{"embeddable":true,"href":"https:\/\/am-ag.com\/es\/wp-json\/wp\/v2\/users\/2"}],"replies":[{"embeddable":true,"href":"https:\/\/am-ag.com\/es\/wp-json\/wp\/v2\/comments?post=2654"}],"version-history":[{"count":7,"href":"https:\/\/am-ag.com\/es\/wp-json\/wp\/v2\/pages\/2654\/revisions"}],"predecessor-version":[{"id":4214,"href":"https:\/\/am-ag.com\/es\/wp-json\/wp\/v2\/pages\/2654\/revisions\/4214"}],"up":[{"embeddable":true,"href":"https:\/\/am-ag.com\/es\/wp-json\/wp\/v2\/pages\/2164"}],"wp:attachment":[{"href":"https:\/\/am-ag.com\/es\/wp-json\/wp\/v2\/media?parent=2654"}],"curies":[{"name":"wp","href":"https:\/\/api.w.org\/{rel}","templated":true}]}}