{"id":25,"date":"2022-04-18T02:04:03","date_gmt":"2022-04-18T07:04:03","guid":{"rendered":"https:\/\/am-ag.com\/es\/?page_id=25"},"modified":"2022-11-07T00:19:12","modified_gmt":"2022-11-07T06:19:12","slug":"home","status":"publish","type":"page","link":"https:\/\/am-ag.com\/es\/","title":{"rendered":"Home"},"content":{"rendered":"<p>[et_pb_section fb_built=&#8221;1&#8243; module_class=&#8221;h-slider-section&#8221; _builder_version=&#8221;4.17.4&#8243; _module_preset=&#8221;default&#8221; global_colors_info=&#8221;{}&#8221;][et_pb_row column_structure=&#8221;1_2,1_2&#8243; module_class=&#8221;h-slider-row&#8221; _builder_version=&#8221;4.17.4&#8243; _module_preset=&#8221;default&#8221; global_colors_info=&#8221;{}&#8221;][et_pb_column type=&#8221;1_2&#8243; module_class=&#8221;h-slider-image-column&#8221; admin_label=&#8221;Slider Image&#8221; _builder_version=&#8221;4.17.1&#8243; _module_preset=&#8221;default&#8221; background_image=&#8221;https:\/\/am-ag.com\/es\/wp-content\/uploads\/2022\/04\/leaf.png&#8221; global_colors_info=&#8221;{}&#8221;][\/et_pb_column][et_pb_column type=&#8221;1_2&#8243; module_class=&#8221;h-slider-content-column&#8221; admin_label=&#8221;Slider Content&#8221; _builder_version=&#8221;4.17.1&#8243; _module_preset=&#8221;default&#8221; background_image=&#8221;https:\/\/am-ag.com\/es\/wp-content\/uploads\/2022\/04\/hexagon-pattern.png&#8221; global_colors_info=&#8221;{}&#8221;][et_pb_text admin_label=&#8221;Welcome Text&#8221; _builder_version=&#8221;4.17.4&#8243; _module_preset=&#8221;default&#8221; global_colors_info=&#8221;{}&#8221;]<\/p>\n<h1>AM-AG<\/h1>\n<p>Innovando La Agricultura<\/p>\n<p>[\/et_pb_text][\/et_pb_column][\/et_pb_row][\/et_pb_section][et_pb_section fb_built=&#8221;1&#8243; module_class=&#8221;h-services-section&#8221; _builder_version=&#8221;4.17.4&#8243; _module_preset=&#8221;default&#8221; global_colors_info=&#8221;{}&#8221;][et_pb_row column_structure=&#8221;1_2,1_2&#8243; module_class=&#8221;reverse-row&#8221; _builder_version=&#8221;4.17.1&#8243; _module_preset=&#8221;default&#8221; animation_style=&#8221;slide&#8221; animation_direction=&#8221;right&#8221; animation_intensity_slide=&#8221;10%&#8221; global_colors_info=&#8221;{}&#8221;][et_pb_column type=&#8221;1_2&#8243; module_class=&#8221;content-column &#8221; _builder_version=&#8221;4.17.1&#8243; _module_preset=&#8221;default&#8221; global_colors_info=&#8221;{}&#8221;][et_pb_code admin_label=&#8221;Who We Are Code&#8221; module_class=&#8221;content-module&#8221; _builder_version=&#8221;4.17.4&#8243; _module_preset=&#8221;default&#8221; global_colors_info=&#8221;{}&#8221;]<\/p>\n<h2 class=\"icon-title\"><img decoding=\"async\" class=\"title-icon\" src=\"https:\/\/am-ag.com\/es\/wp-content\/uploads\/2022\/04\/markets.png\" alt=\"\" \/>QUIENES SOMOS<\/h2>\n<p><!-- [et_pb_line_break_holder] --><pee>AM-AG empresa l\u00edder, reconocida en la industria, que ofrece productos agr\u00edcolas que son tan innovadores como eficaces. Nuestra posici\u00f3n de vanguardia en la industria agr\u00edcola ha sido definida por nuestros productos y nuestro conocimiento de la agronom\u00eda, el cual ayuda a los productores a optimizar el retorno de su inversi\u00f3n.<!-- [et_pb_line_break_holder] --><\/pee><!-- [et_pb_line_break_holder] --><!-- [et_pb_line_break_holder] --><a class=\"rmore\" href=\"https:\/\/am-ag.com\/es\/about-us\/\">ver m\u00e1s<\/a>[\/et_pb_code][\/et_pb_column][et_pb_column type=&#8221;1_2&#8243; _builder_version=&#8221;4.17.1&#8243; _module_preset=&#8221;default&#8221; global_colors_info=&#8221;{}&#8221;][et_pb_image src=&#8221;https:\/\/am-ag.com\/es\/wp-content\/uploads\/2022\/04\/home-page-about.png&#8221; title_text=&#8221;home-page-about&#8221; _builder_version=&#8221;4.17.4&#8243; _module_preset=&#8221;default&#8221; global_colors_info=&#8221;{}&#8221;][\/et_pb_image][\/et_pb_column][\/et_pb_row][et_pb_row column_structure=&#8221;1_2,1_2&#8243; _builder_version=&#8221;4.17.1&#8243; _module_preset=&#8221;default&#8221; animation_style=&#8221;slide&#8221; animation_direction=&#8221;left&#8221; animation_intensity_slide=&#8221;10%&#8221; global_colors_info=&#8221;{}&#8221;][et_pb_column type=&#8221;1_2&#8243; module_class=&#8221;content-column &#8221; _builder_version=&#8221;4.17.1&#8243; _module_preset=&#8221;default&#8221; global_colors_info=&#8221;{}&#8221;][et_pb_code admin_label=&#8221;Products Code&#8221; module_class=&#8221;content-module&#8221; _builder_version=&#8221;4.19.0&#8243; _module_preset=&#8221;default&#8221; hover_enabled=&#8221;0&#8243; global_colors_info=&#8221;{}&#8221; sticky_enabled=&#8221;0&#8243;]<\/p>\n<h2 class=\"icon-title\"><img decoding=\"async\" class=\"title-icon\" src=\"https:\/\/am-ag.com\/es\/wp-content\/uploads\/2022\/04\/products.png\" alt=\"\" \/>PRODUCTOS<\/h2>\n<p><!-- [et_pb_line_break_holder] --><pee>Ofrecemos una amplia l\u00ednea de diferentes productos agr\u00edcolas, los cuales se adaptan a diferentes cultivos, regiones y condiciones de clima que afectan su desarrollo. <!-- [et_pb_line_break_holder] -->Contamos con l\u00edneas de coadyuvantes y nutrientes, hasta potencializadores de nutrientes y agentes estabilizadores, todo lo que elaboramos y distribuimos es de vanguardia, y a\u00fan m\u00e1s importante, son eficaces.<!-- [et_pb_line_break_holder] --><\/pee><!-- [et_pb_line_break_holder] --><!-- [et_pb_line_break_holder] --><a class=\"rmore\" href=\"https:\/\/am-ag.com\/es\/solutions\/\" style=\"min-width:250px;padding-left:1.5em;\">Soluci\u00f3nes AGR\u00cdCOLAS<\/a>[\/et_pb_code][\/et_pb_column][et_pb_column type=&#8221;1_2&#8243; _builder_version=&#8221;4.17.1&#8243; _module_preset=&#8221;default&#8221; global_colors_info=&#8221;{}&#8221;][et_pb_image src=&#8221;https:\/\/am-ag.com\/es\/wp-content\/uploads\/2022\/04\/home-our-products-image.png&#8221; title_text=&#8221;home-our-products-image&#8221; _builder_version=&#8221;4.17.1&#8243; _module_preset=&#8221;default&#8221; global_colors_info=&#8221;{}&#8221;][\/et_pb_image][\/et_pb_column][\/et_pb_row][et_pb_row column_structure=&#8221;1_2,1_2&#8243; module_class=&#8221; reverse-row&#8221; _builder_version=&#8221;4.17.1&#8243; _module_preset=&#8221;default&#8221; animation_style=&#8221;slide&#8221; animation_direction=&#8221;right&#8221; animation_intensity_slide=&#8221;10%&#8221; global_colors_info=&#8221;{}&#8221;][et_pb_column type=&#8221;1_2&#8243; module_class=&#8221;content-column&#8221; _builder_version=&#8221;4.17.1&#8243; _module_preset=&#8221;default&#8221; global_colors_info=&#8221;{}&#8221;][et_pb_code admin_label=&#8221;Services Code&#8221; module_class=&#8221;content-module&#8221; _builder_version=&#8221;4.17.4&#8243; _module_preset=&#8221;default&#8221; global_colors_info=&#8221;{}&#8221;]<\/p>\n<h2 class=\"icon-title\"><img decoding=\"async\" class=\"title-icon\" src=\"https:\/\/am-ag.com\/es\/wp-content\/uploads\/2022\/04\/growing.png\" alt=\"\" \/>SERVICIOS<\/h2>\n<p><!-- [et_pb_line_break_holder] --><pee>Contamos con una capacidad extensa de manufactura y embalaje que cubre una creciente gama de productos agr\u00edcolas para el uso comercial. Con la participaci\u00f3n de Sigma AgriScience, ahora ofrecemos un servicio de embalaje personalizado, para aquellas compa\u00f1\u00edas que requieren granulaci\u00f3n, mezcla, y envasado para la distribuci\u00f3n a trav\u00e9s de E.E. U.U. y Latino-Am\u00e9rica.<\/pee><!-- [et_pb_line_break_holder] --><!-- [et_pb_line_break_holder] --><a class=\"rmore\" href=\"https:\/\/am-ag.com\/es\/services\/\">VER NUESTROS SERVICIOS<\/a>[\/et_pb_code][\/et_pb_column][et_pb_column type=&#8221;1_2&#8243; _builder_version=&#8221;4.17.1&#8243; _module_preset=&#8221;default&#8221; global_colors_info=&#8221;{}&#8221;][et_pb_image src=&#8221;https:\/\/am-ag.com\/es\/wp-content\/uploads\/2022\/04\/home-manufacturing-and-services.png&#8221; title_text=&#8221;home-manufacturing-and-services&#8221; _builder_version=&#8221;4.17.4&#8243; _module_preset=&#8221;default&#8221; global_colors_info=&#8221;{}&#8221;][\/et_pb_image][\/et_pb_column][\/et_pb_row][\/et_pb_section][et_pb_section fb_built=&#8221;1&#8243; admin_label=&#8221;CTA Section&#8221; module_class=&#8221;cta-section&#8221; _builder_version=&#8221;4.17.4&#8243; _module_preset=&#8221;default&#8221; global_colors_info=&#8221;{}&#8221;][et_pb_row admin_label=&#8221;CTA Row&#8221; module_class=&#8221;cta-row&#8221; _builder_version=&#8221;4.17.4&#8243; _module_preset=&#8221;default&#8221; global_colors_info=&#8221;{}&#8221;][et_pb_column type=&#8221;4_4&#8243; _builder_version=&#8221;4.17.1&#8243; _module_preset=&#8221;default&#8221; global_colors_info=&#8221;{}&#8221;][et_pb_code admin_label=&#8221;CTA&#8221; module_class=&#8221;cta-module et_pb_bg_layout_dark&#8221; _builder_version=&#8221;4.17.4&#8243; _module_preset=&#8221;default&#8221; global_colors_info=&#8221;{}&#8221;]<span class=\"cta-title\">\u00bfInteresado en nuestros productos o servicios?<\/span><!-- [et_pb_line_break_holder] --><!-- [et_pb_line_break_holder] --><a class=\"rmore\" href=\"https:\/\/am-ag.com\/es\/contact\/\">Contacta con nosotros<\/a>[\/et_pb_code][\/et_pb_column][\/et_pb_row][\/et_pb_section]<\/p>\n","protected":false},"excerpt":{"rendered":"<p>AM-AG Innovando La Agricultura<\/p>\n","protected":false},"author":2,"featured_media":0,"parent":0,"menu_order":0,"comment_status":"closed","ping_status":"closed","template":"","meta":{"_et_pb_use_builder":"on","_et_pb_old_content":"","_et_gb_content_width":"","inline_featured_image":false,"_monsterinsights_skip_tracking":false,"_monsterinsights_sitenote_active":false,"_monsterinsights_sitenote_note":"","_monsterinsights_sitenote_category":0,"footnotes":""},"class_list":["post-25","page","type-page","status-publish","hentry"],"aioseo_notices":[],"_links":{"self":[{"href":"https:\/\/am-ag.com\/es\/wp-json\/wp\/v2\/pages\/25","targetHints":{"allow":["GET"]}}],"collection":[{"href":"https:\/\/am-ag.com\/es\/wp-json\/wp\/v2\/pages"}],"about":[{"href":"https:\/\/am-ag.com\/es\/wp-json\/wp\/v2\/types\/page"}],"author":[{"embeddable":true,"href":"https:\/\/am-ag.com\/es\/wp-json\/wp\/v2\/users\/2"}],"replies":[{"embeddable":true,"href":"https:\/\/am-ag.com\/es\/wp-json\/wp\/v2\/comments?post=25"}],"version-history":[{"count":46,"href":"https:\/\/am-ag.com\/es\/wp-json\/wp\/v2\/pages\/25\/revisions"}],"predecessor-version":[{"id":4380,"href":"https:\/\/am-ag.com\/es\/wp-json\/wp\/v2\/pages\/25\/revisions\/4380"}],"wp:attachment":[{"href":"https:\/\/am-ag.com\/es\/wp-json\/wp\/v2\/media?parent=25"}],"curies":[{"name":"wp","href":"https:\/\/api.w.org\/{rel}","templated":true}]}}