{"id":2221,"date":"2022-06-22T08:13:18","date_gmt":"2022-06-22T13:13:18","guid":{"rendered":"https:\/\/am-ag.com\/es\/?page_id=2221"},"modified":"2022-10-11T07:33:16","modified_gmt":"2022-10-11T12:33:16","slug":"food-sanitation","status":"publish","type":"page","link":"https:\/\/am-ag.com\/es\/services\/food-sanitation\/","title":{"rendered":"Servicios de saneamiento de alimentos"},"content":{"rendered":"<p>[et_pb_section fb_built=&#8221;1&#8243; module_class=&#8221;fsp-content-section&#8221; _builder_version=&#8221;4.17.1&#8243; _module_preset=&#8221;default&#8221; global_colors_info=&#8221;{}&#8221;][et_pb_row module_class=&#8221;fsp-content-row&#8221; _builder_version=&#8221;4.17.1&#8243; _module_preset=&#8221;default&#8221; global_colors_info=&#8221;{}&#8221;][et_pb_column type=&#8221;4_4&#8243; _builder_version=&#8221;4.17.1&#8243; _module_preset=&#8221;default&#8221; global_colors_info=&#8221;{}&#8221;][et_pb_text admin_label=&#8221;Food Sanitation Services&#8221; _builder_version=&#8221;4.17.4&#8243; _module_preset=&#8221;default&#8221; hover_enabled=&#8221;0&#8243; global_colors_info=&#8221;{}&#8221; sticky_enabled=&#8221;0&#8243;]<\/p>\n<h2 style=\"margin-bottom:20px;padding-left:5px;\">Servicios de saneamiento de alimentos<\/h2>\n<p>[\/et_pb_text][\/et_pb_column][\/et_pb_row][et_pb_row module_class=&#8221;content-row&#8221; _builder_version=&#8221;4.17.1&#8243; _module_preset=&#8221;default&#8221; global_colors_info=&#8221;{}&#8221;][et_pb_column type=&#8221;4_4&#8243; module_class=&#8221;col-column-1-2&#8243; _builder_version=&#8221;4.17.1&#8243; _module_preset=&#8221;default&#8221; global_colors_info=&#8221;{}&#8221;][et_pb_image src=&#8221;https:\/\/am-ag.com\/es\/wp-content\/uploads\/2022\/06\/avocados.jpg&#8221; title_text=&#8221;avocados&#8221; admin_label=&#8221;Avocados Image&#8221; module_class=&#8221;services-col-image&#8221; _builder_version=&#8221;4.17.1&#8243; _module_preset=&#8221;default&#8221; global_colors_info=&#8221;{}&#8221;][\/et_pb_image][et_pb_text module_class=&#8221;services-col-text&#8221; _builder_version=&#8221;4.17.4&#8243; _module_preset=&#8221;default&#8221; global_colors_info=&#8221;{}&#8221;]<\/p>\n<p>AM-AG\u00ae ofrece servicios t\u00e9cnicos b\u00e1sicos, como productos internos b\u00e1sicos de BioSafe Systems y capacitaci\u00f3n en equipos. Con mucho gusto ayudaremos a su departamento a configurar y revisar su equipo de aplicaci\u00f3n, as\u00ed como los procedimientos de su instalaci\u00f3n para ayudar mejor a su grupo a cumplir con las estrictas reglas de cumplimiento actuales.<\/p>\n<p><a href=\"https:\/\/am-ag.com\/es\/contact\/\">Contacta con nosotras<\/a> para que podamos programar una reuni\u00f3n en persona para comprender mejor sus necesidades y as\u00ed poder prepararnos para los servicios t\u00e9cnicos espec\u00edficos que pueda necesitar.<\/p>\n<p>[\/et_pb_text][et_pb_image src=&#8221;https:\/\/am-ag.com\/es\/wp-content\/uploads\/2022\/06\/person-cleaning.jpg&#8221; title_text=&#8221;person-cleaning&#8221; admin_label=&#8221;Person Cleaning Image&#8221; module_class=&#8221;services-col-image&#8221; _builder_version=&#8221;4.17.1&#8243; _module_preset=&#8221;default&#8221; global_colors_info=&#8221;{}&#8221;][\/et_pb_image][et_pb_image src=&#8221;https:\/\/am-ag.com\/es\/wp-content\/uploads\/2022\/06\/vinegar.jpg&#8221; title_text=&#8221;vinegar&#8221; admin_label=&#8221;Vinegar Image&#8221; module_class=&#8221;services-col-image&#8221; _builder_version=&#8221;4.17.1&#8243; _module_preset=&#8221;default&#8221; global_colors_info=&#8221;{}&#8221;][\/et_pb_image][\/et_pb_column][\/et_pb_row][et_pb_row column_structure=&#8221;1_2,1_2&#8243; use_custom_gutter=&#8221;on&#8221; gutter_width=&#8221;2&#8243; make_equal=&#8221;on&#8221; disabled_on=&#8221;on|on|on&#8221; _builder_version=&#8221;4.17.1&#8243; _module_preset=&#8221;default&#8221; disabled=&#8221;on&#8221; global_colors_info=&#8221;{}&#8221;][et_pb_column type=&#8221;1_2&#8243; _builder_version=&#8221;4.17.1&#8243; _module_preset=&#8221;default&#8221; background_image=&#8221;https:\/\/am-ag.com\/es\/wp-content\/uploads\/2022\/06\/avocados.jpg&#8221; global_colors_info=&#8221;{}&#8221;][\/et_pb_column][et_pb_column type=&#8221;1_2&#8243; _builder_version=&#8221;4.17.1&#8243; _module_preset=&#8221;default&#8221; global_colors_info=&#8221;{}&#8221;][et_pb_text _builder_version=&#8221;4.17.1&#8243; _module_preset=&#8221;default&#8221; global_colors_info=&#8221;{}&#8221;]<\/p>\n<p>AM-AG\u00ae offers basic technical services such as in-house basic BioSafe Systems products and equipment training. We will gladly help your department set up and review your application equipment as well your facility procedures to better assist your group to be in line with today&#8217;s rigid compliance rules.<\/p>\n<p><a href=\"https:\/\/am-ag.com\/es\/contact\/\">Contact us<\/a> so we can schedule an in person meeting to better understand your needs thus allowing for us to prepare for the specific technical services that you may need.<\/p>\n<p>[\/et_pb_text][\/et_pb_column][\/et_pb_row][et_pb_row column_structure=&#8221;1_2,1_2&#8243; use_custom_gutter=&#8221;on&#8221; gutter_width=&#8221;2&#8243; make_equal=&#8221;on&#8221; disabled_on=&#8221;on|on|on&#8221; _builder_version=&#8221;4.17.1&#8243; _module_preset=&#8221;default&#8221; disabled=&#8221;on&#8221; global_colors_info=&#8221;{}&#8221;][et_pb_column type=&#8221;1_2&#8243; _builder_version=&#8221;4.17.1&#8243; _module_preset=&#8221;default&#8221; background_image=&#8221;https:\/\/am-ag.com\/es\/wp-content\/uploads\/2022\/06\/person-cleaning.jpg&#8221; global_colors_info=&#8221;{}&#8221;][et_pb_text _builder_version=&#8221;4.17.1&#8243; _module_preset=&#8221;default&#8221; global_colors_info=&#8221;{}&#8221;]&nbsp;<\/p>\n<p>&nbsp;<\/p>\n<p>&nbsp;<\/p>\n<p>&nbsp;<br \/>\n&nbsp;<\/p>\n<p>&nbsp;<\/p>\n<p>&nbsp;<\/p>\n<p>&nbsp;[\/et_pb_text][\/et_pb_column][et_pb_column type=&#8221;1_2&#8243; _builder_version=&#8221;4.17.1&#8243; _module_preset=&#8221;default&#8221; background_image=&#8221;https:\/\/am-ag.com\/es\/wp-content\/uploads\/2022\/06\/vinegar.jpg&#8221; global_colors_info=&#8221;{}&#8221;][et_pb_text _builder_version=&#8221;4.17.1&#8243; _module_preset=&#8221;default&#8221; global_colors_info=&#8221;{}&#8221;]<\/p>\n<p>&nbsp;<\/p>\n<p>&nbsp;<\/p>\n<p>&nbsp;<\/p>\n<p>&nbsp;<\/p>\n<p>&nbsp;<\/p>\n<p>&nbsp;<\/p>\n<p>&nbsp;<\/p>\n<p>&nbsp;[\/et_pb_text][\/et_pb_column][\/et_pb_row][\/et_pb_section]<\/p>\n","protected":false},"excerpt":{"rendered":"<p>Servicios de saneamiento de alimentosAM-AG\u00ae ofrece servicios t\u00e9cnicos b\u00e1sicos, como productos internos b\u00e1sicos de BioSafe Systems y capacitaci\u00f3n en equipos. Con mucho gusto ayudaremos a su departamento a configurar y revisar su equipo de aplicaci\u00f3n, as\u00ed como los procedimientos de su instalaci\u00f3n para ayudar mejor a su grupo a cumplir con las estrictas reglas de [&hellip;]<\/p>\n","protected":false},"author":2,"featured_media":0,"parent":33,"menu_order":0,"comment_status":"closed","ping_status":"closed","template":"","meta":{"_et_pb_use_builder":"on","_et_pb_old_content":"","_et_gb_content_width":"","inline_featured_image":false,"_monsterinsights_skip_tracking":false,"_monsterinsights_sitenote_active":false,"_monsterinsights_sitenote_note":"","_monsterinsights_sitenote_category":0,"footnotes":""},"class_list":["post-2221","page","type-page","status-publish","hentry"],"aioseo_notices":[],"_links":{"self":[{"href":"https:\/\/am-ag.com\/es\/wp-json\/wp\/v2\/pages\/2221","targetHints":{"allow":["GET"]}}],"collection":[{"href":"https:\/\/am-ag.com\/es\/wp-json\/wp\/v2\/pages"}],"about":[{"href":"https:\/\/am-ag.com\/es\/wp-json\/wp\/v2\/types\/page"}],"author":[{"embeddable":true,"href":"https:\/\/am-ag.com\/es\/wp-json\/wp\/v2\/users\/2"}],"replies":[{"embeddable":true,"href":"https:\/\/am-ag.com\/es\/wp-json\/wp\/v2\/comments?post=2221"}],"version-history":[{"count":18,"href":"https:\/\/am-ag.com\/es\/wp-json\/wp\/v2\/pages\/2221\/revisions"}],"predecessor-version":[{"id":3646,"href":"https:\/\/am-ag.com\/es\/wp-json\/wp\/v2\/pages\/2221\/revisions\/3646"}],"up":[{"embeddable":true,"href":"https:\/\/am-ag.com\/es\/wp-json\/wp\/v2\/pages\/33"}],"wp:attachment":[{"href":"https:\/\/am-ag.com\/es\/wp-json\/wp\/v2\/media?parent=2221"}],"curies":[{"name":"wp","href":"https:\/\/api.w.org\/{rel}","templated":true}]}}