{"id":2199,"date":"2022-06-22T08:02:29","date_gmt":"2022-06-22T13:02:29","guid":{"rendered":"https:\/\/am-ag.com\/es\/?page_id=2199"},"modified":"2022-11-03T12:59:26","modified_gmt":"2022-11-03T17:59:26","slug":"application-equipment","status":"publish","type":"page","link":"https:\/\/am-ag.com\/es\/application-equipment\/","title":{"rendered":"Equipo de Aplicaci\u00f3n"},"content":{"rendered":"<p>[et_pb_section fb_built=&#8221;1&#8243; module_class=&#8221;fsp-content-section&#8221; _builder_version=&#8221;4.17.4&#8243; _module_preset=&#8221;default&#8221; global_colors_info=&#8221;{}&#8221;][et_pb_row column_structure=&#8221;1_2,1_2&#8243; module_class=&#8221;fsp-content-row&#8221; _builder_version=&#8221;4.17.4&#8243; _module_preset=&#8221;default&#8221; global_colors_info=&#8221;{}&#8221;][et_pb_column type=&#8221;1_2&#8243; _builder_version=&#8221;4.17.1&#8243; _module_preset=&#8221;default&#8221; global_colors_info=&#8221;{}&#8221;][et_pb_text _builder_version=&#8221;4.17.4&#8243; _module_preset=&#8221;default&#8221; global_colors_info=&#8221;{}&#8221;]<\/p>\n<h2 style=\"margin-bottom: 20px; padding-left: 5px;\">Equipo de Aplicaci\u00f3n<\/h2>\n<p>[\/et_pb_text][\/et_pb_column][et_pb_column type=&#8221;1_2&#8243; _builder_version=&#8221;4.17.1&#8243; _module_preset=&#8221;default&#8221; global_colors_info=&#8221;{}&#8221;][et_pb_text _builder_version=&#8221;4.17.4&#8243; _module_preset=&#8221;default&#8221; global_colors_info=&#8221;{}&#8221;]<\/p>\n<p style=\"text-align: left;\">AM-AG\u00ae se enorgullece de ofrecer los siguientes equipos para la aplicaci\u00f3n de nuestros sistemas BioSafe, as\u00ed como un programa de capacitaci\u00f3n b\u00e1sico en profundidad sobre los m\u00e9todos y t\u00e9cnicas de aplicaci\u00f3n que su equipo de seguridad alimentaria y saneamiento requiere para hacer el trabajo correctamente desde el primer momento.<\/p>\n<p style=\"text-align: left;\"><a href=\"https:\/\/am-ag.com\/es\/contact\/\">Contactanos<\/a> para descubrir c\u00f3mo podemos apoyar mejor sus necesidades.<\/p>\n<p>[\/et_pb_text][\/et_pb_column][\/et_pb_row][et_pb_row module_class=&#8221;products-row&#8221; _builder_version=&#8221;4.17.1&#8243; _module_preset=&#8221;default&#8221; global_colors_info=&#8221;{}&#8221;][et_pb_column type=&#8221;4_4&#8243; module_class=&#8221;product-img-blurb-col&#8221; _builder_version=&#8221;4.17.1&#8243; _module_preset=&#8221;default&#8221; global_colors_info=&#8221;{}&#8221;][et_pb_blurb title=&#8221;BioFoamer\u00ae 2 galones&#8221; image=&#8221;https:\/\/am-ag.com\/es\/wp-content\/uploads\/2022\/06\/biofoamer.jpg&#8221; admin_label=&#8221;BioFoamer\u00ae 2 gal&#8221; module_class=&#8221;product-img-blurb&#8221; _builder_version=&#8221;4.17.4&#8243; _module_preset=&#8221;default&#8221; header_level=&#8221;h3&#8243; animation=&#8221;off&#8221; global_colors_info=&#8221;{}&#8221;]<\/p>\n<ul>\n<li>Ensamblado de varilla de acero inoxidable y conexiones de fluido<\/li>\n<li>M\u00ednimo desperdicio de agua<\/li>\n<li>Aumenta el tiempo de permanencia en superficies verticales<\/li>\n<li>No requiere enjuague cuando se usa con Soluci\u00f3nes PAA de BioSafe Systems<\/li>\n<\/ul>\n<p>[\/et_pb_blurb][et_pb_blurb title=&#8221;BioFoamer\u00ae 10 galones&#8221; image=&#8221;https:\/\/am-ag.com\/es\/wp-content\/uploads\/2022\/05\/biofoamer-10-610a9bd32286317bbf2453bc2a39867e.jpg&#8221; admin_label=&#8221;BioFoamer\u00ae 10 gal&#8221; module_class=&#8221;product-img-blurb&#8221; _builder_version=&#8221;4.17.4&#8243; _module_preset=&#8221;default&#8221; header_level=&#8221;h3&#8243; animation=&#8221;off&#8221; global_colors_info=&#8221;{}&#8221;]<\/p>\n<p>Mejore las aplicaciones en superficies duras y \u00e1reas de dif\u00edcil acceso. La espuma crea un indicador visual de las \u00e1reas aplicadas y se adhiere a las superficies para una actividad prolongada. Sin emisi\u00f3n de gases da\u00f1inos, la espuma permite requisitos m\u00ednimos de PPE y sin restricciones de reingreso. \u00daselo junto con los productos PAA de BioSafe Systems para un programa de rociado y alejamiento en superficies que no est\u00e1n en contacto con alimentos.<\/p>\n<p>[\/et_pb_blurb][et_pb_blurb title=&#8221;Sistema de dosificaci\u00f3n con carro Dosatron\u00ae&#8221; image=&#8221;https:\/\/am-ag.com\/es\/wp-content\/uploads\/2022\/06\/dosatron.jpg&#8221; admin_label=&#8221;Dosatron cart Dosing System&#8221; module_class=&#8221;product-img-blurb&#8221; _builder_version=&#8221;4.17.4&#8243; _module_preset=&#8221;default&#8221; header_level=&#8221;h3&#8243; animation=&#8221;off&#8221; global_colors_info=&#8221;{}&#8221;]<\/p>\n<ul>\n<li>Despacha sobre demanda eliminando desperdicio<\/li>\n<li>Operaci\u00f3n econ\u00f3mica<\/li>\n<li>F\u00e1cil de usar y bajo mantenimiento<\/li>\n<\/ul>\n<p>[\/et_pb_blurb][et_pb_blurb title=&#8221;BioFogger\u00ae 10 galones&#8221; image=&#8221;https:\/\/am-ag.com\/es\/wp-content\/uploads\/2022\/06\/biofogger.jpg&#8221; admin_label=&#8221;BioFogger\u00ae 10 gal&#8221; module_class=&#8221;product-img-blurb&#8221; _builder_version=&#8221;4.17.4&#8243; _module_preset=&#8221;default&#8221; header_level=&#8221;h3&#8243; animation=&#8221;off&#8221; global_colors_info=&#8221;{}&#8221;]<\/p>\n<p>La nebulizaci\u00f3n mejora la productividad en espacios peque\u00f1os a grandes, incluido el almacenamiento de alimentos, invernaderos, granjas avicolas y los veh\u00edculos de transportacion.<\/p>\n<p>[\/et_pb_blurb][et_pb_blurb title=&#8221;SATAminijet 4400 B Compacto. Bajo mantenimiento. F\u00e1cil de limpiar.&#8221; image=&#8221;https:\/\/am-ag.com\/es\/wp-content\/uploads\/2022\/06\/satajet.jpg&#8221; admin_label=&#8221;SATAminijet 4400 B Compact. Low Maintenance. Easy to clean.&#8221; module_class=&#8221;product-img-blurb&#8221; _builder_version=&#8221;4.17.4&#8243; _module_preset=&#8221;default&#8221; header_level=&#8221;h3&#8243; animation=&#8221;off&#8221; global_colors_info=&#8221;{}&#8221;]<\/p>\n<p>El SATAminijet 4400 B es ideal para \u00e1reas peque\u00f1as o dif\u00edciles de desinfectar. La boquilla especial SR es adecuada para desinfectar porque es un nano atomizador. Se puede utilizar en \u00e1reas de oficinas y \u00e1reas comunes de trabajo. Pist\u00f3n de aire autoajustable y de bajo mantenimiento para desinfectar y desinfectar. Se recomienda BioSafe Sanidate 5.0 o All Purpose Disinfectant para esta unidad.<\/p>\n<p>[\/et_pb_blurb][\/et_pb_column][\/et_pb_row][et_pb_row column_structure=&#8221;1_4,1_4,1_4,1_4&#8243; disabled_on=&#8221;on|on|on&#8221; _builder_version=&#8221;4.17.1&#8243; _module_preset=&#8221;default&#8221; disabled=&#8221;on&#8221; global_colors_info=&#8221;{}&#8221;][et_pb_column type=&#8221;1_4&#8243; _builder_version=&#8221;4.17.1&#8243; _module_preset=&#8221;default&#8221; global_colors_info=&#8221;{}&#8221;][et_pb_image src=&#8221;https:\/\/am-ag.com\/es\/wp-content\/uploads\/2022\/06\/biofoamer.jpg&#8221; title_text=&#8221;biofoamer&#8221; _builder_version=&#8221;4.17.1&#8243; _module_preset=&#8221;default&#8221; global_colors_info=&#8221;{}&#8221;][\/et_pb_image][\/et_pb_column][et_pb_column type=&#8221;1_4&#8243; _builder_version=&#8221;4.17.1&#8243; _module_preset=&#8221;default&#8221; global_colors_info=&#8221;{}&#8221;][et_pb_text _builder_version=&#8221;4.17.1&#8243; _module_preset=&#8221;default&#8221; global_colors_info=&#8221;{}&#8221;]<\/p>\n<h3>BioFoamer\u00ae 2 gal<\/h3>\n<ul >\n<li data-reactid=\"52\">Stainless steel wand assembly and fluid fittings<\/li>\n<li data-reactid=\"53\">Minimal to low waste water<\/li>\n<li data-reactid=\"54\">Increases dwell time on vertical surfaces<\/li>\n<li data-reactid=\"55\">No rinse required when used with BioSafe Systems&#8217; PAA solutions<\/li>\n<\/ul>\n<p>[\/et_pb_text][\/et_pb_column][et_pb_column type=&#8221;1_4&#8243; _builder_version=&#8221;4.17.1&#8243; _module_preset=&#8221;default&#8221; global_colors_info=&#8221;{}&#8221;][et_pb_image src=&#8221;https:\/\/am-ag.com\/es\/wp-content\/uploads\/2022\/06\/biofoamer-1.jpg&#8221; title_text=&#8221;biofoamer&#8221; _builder_version=&#8221;4.17.1&#8243; _module_preset=&#8221;default&#8221; global_colors_info=&#8221;{}&#8221;][\/et_pb_image][\/et_pb_column][et_pb_column type=&#8221;1_4&#8243; _builder_version=&#8221;4.17.1&#8243; _module_preset=&#8221;default&#8221; global_colors_info=&#8221;{}&#8221;][et_pb_text _builder_version=&#8221;4.17.1&#8243; _module_preset=&#8221;default&#8221; global_colors_info=&#8221;{}&#8221;]<\/p>\n<h3>BioFoamer\u00ae 10 gal<\/h3>\n<p>Improve applications on hard surfaces and hard-to-reach areas. Foaming creates a visual indicator of the applied areas and adheres to surfaces for extended activity. With no harmful off-gassing, foaming allows for minimal PPE requirements and no re-entry restrictions. Use in conjunction with BioSafe Systems PAA products for a spray and walk away program on non-food contact surfaces.<\/p>\n<p>[\/et_pb_text][\/et_pb_column][\/et_pb_row][et_pb_row column_structure=&#8221;1_4,1_4,1_4,1_4&#8243; disabled_on=&#8221;on|on|on&#8221; _builder_version=&#8221;4.17.1&#8243; _module_preset=&#8221;default&#8221; disabled=&#8221;on&#8221; global_colors_info=&#8221;{}&#8221;][et_pb_column type=&#8221;1_4&#8243; _builder_version=&#8221;4.17.1&#8243; _module_preset=&#8221;default&#8221; global_colors_info=&#8221;{}&#8221;][et_pb_image src=&#8221;https:\/\/am-ag.com\/es\/wp-content\/uploads\/2022\/06\/dosatron.jpg&#8221; title_text=&#8221;dosatron&#8221; _builder_version=&#8221;4.17.1&#8243; _module_preset=&#8221;default&#8221; global_colors_info=&#8221;{}&#8221;][\/et_pb_image][\/et_pb_column][et_pb_column type=&#8221;1_4&#8243; _builder_version=&#8221;4.17.1&#8243; _module_preset=&#8221;default&#8221; global_colors_info=&#8221;{}&#8221;][et_pb_text _builder_version=&#8221;4.17.1&#8243; _module_preset=&#8221;default&#8221; global_colors_info=&#8221;{}&#8221;]<\/p>\n<h3>Dosatron cart Dosing System<\/h3>\n<ul>\n<li>On-demand dispensing \u2014 Eliminates waste<\/li>\n<li>Economical operation\\<\/li>\n<li>Simple to use and maintain<\/li>\n<\/ul>\n<p>[\/et_pb_text][\/et_pb_column][et_pb_column type=&#8221;1_4&#8243; _builder_version=&#8221;4.17.1&#8243; _module_preset=&#8221;default&#8221; global_colors_info=&#8221;{}&#8221;][et_pb_image src=&#8221;https:\/\/am-ag.com\/es\/wp-content\/uploads\/2022\/06\/biofogger.jpg&#8221; title_text=&#8221;biofogger&#8221; _builder_version=&#8221;4.17.1&#8243; _module_preset=&#8221;default&#8221; global_colors_info=&#8221;{}&#8221;][\/et_pb_image][\/et_pb_column][et_pb_column type=&#8221;1_4&#8243; _builder_version=&#8221;4.17.1&#8243; _module_preset=&#8221;default&#8221; global_colors_info=&#8221;{}&#8221;][et_pb_text _builder_version=&#8221;4.17.1&#8243; _module_preset=&#8221;default&#8221; global_colors_info=&#8221;{}&#8221;]<\/p>\n<h3>BioFogger\u00ae 10 gal<\/h3>\n<p>Fogging improves productivity in small to large spaces, including food storage, indoor growing facilities, hatcheries, and transport vehicles.[\/et_pb_text][\/et_pb_column][\/et_pb_row][et_pb_row column_structure=&#8221;1_4,1_4,1_4,1_4&#8243; disabled_on=&#8221;on|on|on&#8221; _builder_version=&#8221;4.17.1&#8243; _module_preset=&#8221;default&#8221; disabled=&#8221;on&#8221; global_colors_info=&#8221;{}&#8221;][et_pb_column type=&#8221;1_4&#8243; _builder_version=&#8221;4.17.1&#8243; _module_preset=&#8221;default&#8221; global_colors_info=&#8221;{}&#8221;][\/et_pb_column][et_pb_column type=&#8221;1_4&#8243; _builder_version=&#8221;4.17.1&#8243; _module_preset=&#8221;default&#8221; global_colors_info=&#8221;{}&#8221;][et_pb_image src=&#8221;https:\/\/am-ag.com\/es\/wp-content\/uploads\/2022\/06\/satajet.jpg&#8221; title_text=&#8221;satajet&#8221; _builder_version=&#8221;4.17.1&#8243; _module_preset=&#8221;default&#8221; global_colors_info=&#8221;{}&#8221;][\/et_pb_image][\/et_pb_column][et_pb_column type=&#8221;1_4&#8243; _builder_version=&#8221;4.17.1&#8243; _module_preset=&#8221;default&#8221; global_colors_info=&#8221;{}&#8221;][et_pb_text _builder_version=&#8221;4.17.1&#8243; _module_preset=&#8221;default&#8221; global_colors_info=&#8221;{}&#8221;]<\/p>\n<h3>SATAminijet 4400 B Compact. Low Maintenance. Easy to clean.<\/h3>\n<p>The SATAminijet 4400 B is perfectly suited for smallor difficult areas to sanitize. The special SR nozzle is suitable for disinfecting because it is a nano atomizer. It can be utilized in office areas and common work areas. Low maintenance, self-adjusting air piston for disinfecting and sanitizing. BioSafe Sanidate 5.0 or All Purpose Disinfectant is recommended for this unit.<\/p>\n<p>[\/et_pb_text][\/et_pb_column][et_pb_column type=&#8221;1_4&#8243; _builder_version=&#8221;4.17.1&#8243; _module_preset=&#8221;default&#8221; global_colors_info=&#8221;{}&#8221;][\/et_pb_column][\/et_pb_row][\/et_pb_section]<\/p>\n","protected":false},"excerpt":{"rendered":"<p>Equipo de Aplicaci\u00f3nAM-AG\u00ae se enorgullece de ofrecer los siguientes equipos para la aplicaci\u00f3n de nuestros sistemas BioSafe, as\u00ed como un programa de capacitaci\u00f3n b\u00e1sico en profundidad sobre los m\u00e9todos y t\u00e9cnicas de aplicaci\u00f3n que su equipo de seguridad alimentaria y saneamiento requiere para hacer el trabajo correctamente desde el primer momento. Contactanos para descubrir c\u00f3mo [&hellip;]<\/p>\n","protected":false},"author":2,"featured_media":0,"parent":0,"menu_order":0,"comment_status":"closed","ping_status":"closed","template":"","meta":{"_et_pb_use_builder":"on","_et_pb_old_content":"","_et_gb_content_width":"","inline_featured_image":false,"_monsterinsights_skip_tracking":false,"_monsterinsights_sitenote_active":false,"_monsterinsights_sitenote_note":"","_monsterinsights_sitenote_category":0,"footnotes":""},"class_list":["post-2199","page","type-page","status-publish","hentry"],"aioseo_notices":[],"_links":{"self":[{"href":"https:\/\/am-ag.com\/es\/wp-json\/wp\/v2\/pages\/2199","targetHints":{"allow":["GET"]}}],"collection":[{"href":"https:\/\/am-ag.com\/es\/wp-json\/wp\/v2\/pages"}],"about":[{"href":"https:\/\/am-ag.com\/es\/wp-json\/wp\/v2\/types\/page"}],"author":[{"embeddable":true,"href":"https:\/\/am-ag.com\/es\/wp-json\/wp\/v2\/users\/2"}],"replies":[{"embeddable":true,"href":"https:\/\/am-ag.com\/es\/wp-json\/wp\/v2\/comments?post=2199"}],"version-history":[{"count":34,"href":"https:\/\/am-ag.com\/es\/wp-json\/wp\/v2\/pages\/2199\/revisions"}],"predecessor-version":[{"id":4201,"href":"https:\/\/am-ag.com\/es\/wp-json\/wp\/v2\/pages\/2199\/revisions\/4201"}],"wp:attachment":[{"href":"https:\/\/am-ag.com\/es\/wp-json\/wp\/v2\/media?parent=2199"}],"curies":[{"name":"wp","href":"https:\/\/api.w.org\/{rel}","templated":true}]}}